{"id":121,"date":"2021-01-20T07:17:15","date_gmt":"2021-01-20T07:17:15","guid":{"rendered":"https:\/\/exim-global.ch\/demande-de-devis\/"},"modified":"2021-03-08T08:45:23","modified_gmt":"2021-03-08T08:45:23","slug":"demande-de-devis","status":"publish","type":"page","link":"https:\/\/exim-global.ch\/fr\/demande-de-devis\/","title":{"rendered":"Demander un devis"},"content":{"rendered":"<h1><\/h1>\n<h1>Demander un devis<\/h1>\n\n<div class=\"woocommerce ywraq-wrapper\">\n\n\t\t\t<div id=\"yith-ywraq-message\"><div class=\"ywraq-question-message\">\n\t<\/div>\n<\/div>\n\t\t\n\t\t\t\t<div class=\"ywraq-form-table-wrapper \">\n\t\t\t<p class=\"ywraq_list_empty_message\">Votre liste est vide, ajoutez des produits \u00e0 la liste pour envoyer une demande<p><p class=\"return-to-shop\"><a class=\"button wc-backward\" href=\"https:\/\/exim-global.ch\/fr\/la-boutique\/\">Retour \u00e0 la boutique<\/a><\/p>\n\t\t\t\t\t<\/div>\n\t<\/div>\n\n","protected":false},"excerpt":{"rendered":"<p>Demander un devis<\/p>\n","protected":false},"author":1,"featured_media":0,"parent":0,"menu_order":0,"comment_status":"closed","ping_status":"closed","template":"","meta":{"_acf_changed":false,"_monsterinsights_skip_tracking":false,"_monsterinsights_sitenote_active":false,"_monsterinsights_sitenote_note":"","_monsterinsights_sitenote_category":0,"_joinchat":[],"footnotes":""},"acf":[],"yoast_head":"<!-- This site is optimized with the Yoast SEO plugin v23.0 - https:\/\/yoast.com\/wordpress\/plugins\/seo\/ -->\n<title>Demander un devis EXIM Global, Qualit\u00e9 et Equit\u00e9<\/title>\n<meta name=\"robots\" content=\"index, follow, max-snippet:-1, max-image-preview:large, max-video-preview:-1\" \/>\n<link rel=\"canonical\" href=\"https:\/\/exim-global.ch\/fr\/demande-de-devis\/\" \/>\n<meta property=\"og:locale\" content=\"fr_FR\" \/>\n<meta property=\"og:type\" content=\"article\" \/>\n<meta property=\"og:title\" content=\"Demander un devis EXIM Global, Qualit\u00e9 et Equit\u00e9\" \/>\n<meta property=\"og:description\" content=\"Demander un devis\" \/>\n<meta property=\"og:url\" content=\"https:\/\/exim-global.ch\/fr\/demande-de-devis\/\" \/>\n<meta property=\"og:site_name\" content=\"EXIM Global, Qualit\u00e9 et Equit\u00e9\" \/>\n<meta property=\"article:modified_time\" content=\"2021-03-08T08:45:23+00:00\" \/>\n<meta name=\"twitter:card\" content=\"summary_large_image\" \/>\n<meta name=\"twitter:label1\" content=\"Dur\u00e9e de lecture estim\u00e9e\" \/>\n\t<meta name=\"twitter:data1\" content=\"1 minute\" \/>\n<script type=\"application\/ld+json\" class=\"yoast-schema-graph\">{\"@context\":\"https:\/\/schema.org\",\"@graph\":[{\"@type\":\"WebPage\",\"@id\":\"https:\/\/exim-global.ch\/fr\/demande-de-devis\/\",\"url\":\"https:\/\/exim-global.ch\/fr\/demande-de-devis\/\",\"name\":\"Demander un devis EXIM Global, Qualit\u00e9 et Equit\u00e9\",\"isPartOf\":{\"@id\":\"https:\/\/exim-global.ch\/#website\"},\"datePublished\":\"2021-01-20T07:17:15+00:00\",\"dateModified\":\"2021-03-08T08:45:23+00:00\",\"inLanguage\":\"fr-FR\",\"potentialAction\":[{\"@type\":\"ReadAction\",\"target\":[\"https:\/\/exim-global.ch\/fr\/demande-de-devis\/\"]}]},{\"@type\":\"WebSite\",\"@id\":\"https:\/\/exim-global.ch\/#website\",\"url\":\"https:\/\/exim-global.ch\/\",\"name\":\"EXIM Global, Qualit\u00e9 et Equit\u00e9\",\"description\":\"\",\"potentialAction\":[{\"@type\":\"SearchAction\",\"target\":{\"@type\":\"EntryPoint\",\"urlTemplate\":\"https:\/\/exim-global.ch\/?s={search_term_string}\"},\"query-input\":\"required name=search_term_string\"}],\"inLanguage\":\"fr-FR\"}]}<\/script>\n<!-- \/ Yoast SEO plugin. -->","yoast_head_json":{"title":"Demander un devis EXIM Global, Qualit\u00e9 et Equit\u00e9","robots":{"index":"index","follow":"follow","max-snippet":"max-snippet:-1","max-image-preview":"max-image-preview:large","max-video-preview":"max-video-preview:-1"},"canonical":"https:\/\/exim-global.ch\/fr\/demande-de-devis\/","og_locale":"fr_FR","og_type":"article","og_title":"Demander un devis EXIM Global, Qualit\u00e9 et Equit\u00e9","og_description":"Demander un devis","og_url":"https:\/\/exim-global.ch\/fr\/demande-de-devis\/","og_site_name":"EXIM Global, Qualit\u00e9 et Equit\u00e9","article_modified_time":"2021-03-08T08:45:23+00:00","twitter_card":"summary_large_image","twitter_misc":{"Dur\u00e9e de lecture estim\u00e9e":"1 minute"},"schema":{"@context":"https:\/\/schema.org","@graph":[{"@type":"WebPage","@id":"https:\/\/exim-global.ch\/fr\/demande-de-devis\/","url":"https:\/\/exim-global.ch\/fr\/demande-de-devis\/","name":"Demander un devis EXIM Global, Qualit\u00e9 et Equit\u00e9","isPartOf":{"@id":"https:\/\/exim-global.ch\/#website"},"datePublished":"2021-01-20T07:17:15+00:00","dateModified":"2021-03-08T08:45:23+00:00","inLanguage":"fr-FR","potentialAction":[{"@type":"ReadAction","target":["https:\/\/exim-global.ch\/fr\/demande-de-devis\/"]}]},{"@type":"WebSite","@id":"https:\/\/exim-global.ch\/#website","url":"https:\/\/exim-global.ch\/","name":"EXIM Global, Qualit\u00e9 et Equit\u00e9","description":"","potentialAction":[{"@type":"SearchAction","target":{"@type":"EntryPoint","urlTemplate":"https:\/\/exim-global.ch\/?s={search_term_string}"},"query-input":"required name=search_term_string"}],"inLanguage":"fr-FR"}]}},"_links":{"self":[{"href":"https:\/\/exim-global.ch\/fr\/wp-json\/wp\/v2\/pages\/121"}],"collection":[{"href":"https:\/\/exim-global.ch\/fr\/wp-json\/wp\/v2\/pages"}],"about":[{"href":"https:\/\/exim-global.ch\/fr\/wp-json\/wp\/v2\/types\/page"}],"author":[{"embeddable":true,"href":"https:\/\/exim-global.ch\/fr\/wp-json\/wp\/v2\/users\/1"}],"replies":[{"embeddable":true,"href":"https:\/\/exim-global.ch\/fr\/wp-json\/wp\/v2\/comments?post=121"}],"version-history":[{"count":5,"href":"https:\/\/exim-global.ch\/fr\/wp-json\/wp\/v2\/pages\/121\/revisions"}],"predecessor-version":[{"id":537,"href":"https:\/\/exim-global.ch\/fr\/wp-json\/wp\/v2\/pages\/121\/revisions\/537"}],"wp:attachment":[{"href":"https:\/\/exim-global.ch\/fr\/wp-json\/wp\/v2\/media?parent=121"}],"curies":[{"name":"wp","href":"https:\/\/api.w.org\/{rel}","templated":true}]}}