{"id":1424,"date":"2022-04-27T11:58:51","date_gmt":"2022-04-27T11:58:51","guid":{"rendered":"http:\/\/182.73.95.220\/exim-global\/?page_id=1424"},"modified":"2022-04-27T12:16:24","modified_gmt":"2022-04-27T12:16:24","slug":"our-history-french","status":"publish","type":"page","link":"https:\/\/exim-global.ch\/fr\/our-history-french\/","title":{"rendered":"Our History French"},"content":{"rendered":"<p>[vc_row type=\u00a0\u00bbfull-nopad\u00a0\u00bb el_class=\u00a0\u00bbcustom__InnerPageBanner\u00a0\u00bb][vc_column][vc_row_inner type=\u00a0\u00bbfull-nopad\u00a0\u00bb][vc_column_inner][vc_column_text]\r\n\t\t\t<div class=\"nm-banner content-full image-type-fluid text-color-dark subtitle-below\" style=\"\"><img decoding=\"async\" src=\"https:\/\/exim-global.ch\/wp-content\/uploads\/2020\/09\/video-placeholder.jpg\" alt=\"video-placeholder\" \/>\r\n\t\t\t<\/div>[\/vc_column_text][\/vc_column_inner][\/vc_row_inner][vc_row_inner el_class=\u00a0\u00bbcustom__InnerPageBanner__text\u00a0\u00bb][vc_column_inner][vc_column_text]<\/p>\n<h1>Nous sommes EXIM Global<\/h1>\n<h3 style=\"text-align: left;\">Une \u00e9quipe \u00e0 taille humaine, engag\u00e9e \u00e0 vous servir \u2764\ufe0f<\/h3>\n<p>[\/vc_column_text][\/vc_column_inner][\/vc_row_inner][\/vc_column][\/vc_row][vc_row type=\u00a0\u00bbboxed\u00a0\u00bb el_class=\u00a0\u00bbcustomAboutUsPage__content\u00a0\u00bb css=\u00a0\u00bb.vc_custom_1650714847369{padding-top: 80px !important;padding-bottom: 80px !important;}\u00a0\u00bb][vc_column][vc_row_inner css=\u00a0\u00bb.vc_custom_1650714757200{padding-bottom: 40px !important;}\u00a0\u00bb][vc_column_inner width=\u00a0\u00bb1\/4&Prime;][vc_column_text]<\/p>\n<h4>Notre histoire<\/h4>\n<p>[\/vc_column_text][\/vc_column_inner][vc_column_inner width=\u00a0\u00bb3\/4&Prime;][vc_column_text]<strong>EXIM Global Gmbh<\/strong> (EXIM Global), une entreprise familiale bas\u00e9e \u00e0 Z\u00fcrich, est r\u00e9glement\u00e9e par le bureau du registre du commerce de Zurich. Les grains de caf\u00e9 vert <strong>(fine ROBUSTA)<\/strong> et de <strong>poivre de PENJA du Cameroun<\/strong> sont \u00e0 la fois notre m\u00e9tier et notre passion. <strong>Importateur d\u00e9taillant<\/strong>, EXIM Global a \u00e9t\u00e9 cr\u00e9\u00e9 afin de r\u00e9pondre aux besoins des <strong>torr\u00e9facteurs ind\u00e9pendants<\/strong>, restaurateurs, \u00e9piceries fines qui souhaitent s\u2019approvisionner en caf\u00e9s et <strong>poivres de haute qualit\u00e9<\/strong>. Nos produits sont tous fournis aupr\u00e8s des <strong>coop\u00e9ratives camerounaises <\/strong>et d\u2019origine unique.[\/vc_column_text][\/vc_column_inner][\/vc_row_inner][vc_separator el_class=\u00a0\u00bbcustomAboutUsPage__content customDoubleBorderSeparator\u00a0\u00bb][vc_row_inner css=\u00a0\u00bb.vc_custom_1650714769655{padding-top: 40px !important;}\u00a0\u00bb][vc_column_inner width=\u00a0\u00bb1\/4&Prime;][vc_column_text]<\/p>\n<h4>Notre engagement<\/h4>\n<p>[\/vc_column_text][\/vc_column_inner][vc_column_inner width=\u00a0\u00bb3\/4&Prime;][vc_column_text]Pour r\u00e9pondre \u00e0 des attentes de plus en plus exigeantes et un march\u00e9 tr\u00e8s comp\u00e9titif, notre promesse est d\u2019apporter la meilleure <strong>qualit\u00e9<\/strong> possible de <strong>grain de caf\u00e9 vert<\/strong> et <strong>poivre d\u2019origine du Cameroun <\/strong>sur le march\u00e9 europ\u00e9en.<\/p>\n<p>Nous privil\u00e9gions des <strong>pratiques \u00e9quitables<\/strong> en achetant nos <strong>produits \u00e0 un prix<\/strong> juste aupr\u00e8s de nos partenaires. Ceci est possible gr\u00e2ce \u00e0 un acc\u00e8s direct aupr\u00e8s des producteurs par l\u2019interm\u00e9diaire de <strong>partenaires locaux<\/strong> qui poss\u00e8dent soit la plantation, soit des stations de lavage du groupe de producteurs. Par la m\u00eame, nous garantissons <strong>tra\u00e7abilit\u00e9 et \u00e9quit\u00e9<\/strong>.<\/p>\n<p>Puisque la qualit\u00e9 est \u00e9galement synonyme de <strong>produit sain<\/strong>, nous pr\u00e9conisons aupr\u00e8s de nos partenaires une <strong>utilisation mod\u00e9r\u00e9e de pesticide<\/strong> (insecticide), voire m\u00eame l\u2019absence de ce produit, bien que celui-ci soit utile pour <strong>prot\u00e9ger les poivres<\/strong>, mais inoffensif pour l\u2019\u00eatre humain. Ainsi, nous pouvons confirmer que nos <strong>produits sont organiques par d\u00e9faut<\/strong> bien que non certifi\u00e9. En outre, nos produits sont cultiv\u00e9s dans un <strong>environnement naturel<\/strong> avec d\u2019autres cultures.[\/vc_column_text][\/vc_column_inner][\/vc_row_inner][\/vc_column][\/vc_row]<\/p>\n","protected":false},"excerpt":{"rendered":"<p>[vc_row type=\u00a0\u00bbfull-nopad\u00a0\u00bb el_class=\u00a0\u00bbcustom__InnerPageBanner\u00a0\u00bb][vc_column][vc_row_inner type=\u00a0\u00bbfull-nopad\u00a0\u00bb][vc_column_inner][vc_column_text][\/vc_column_text][\/vc_column_inner][\/vc_row_inner][vc_row_inner el_class=\u00a0\u00bbcustom__InnerPageBanner__text\u00a0\u00bb][vc_column_inner][vc_column_text] Nous sommes EXIM Global Une \u00e9quipe \u00e0 taille humaine, engag\u00e9e \u00e0 vous servir \u2764\ufe0f [\/vc_column_text][\/vc_column_inner][\/vc_row_inner][\/vc_column][\/vc_row][vc_row type=\u00a0\u00bbboxed\u00a0\u00bb el_class=\u00a0\u00bbcustomAboutUsPage__content\u00a0\u00bb css=\u00a0\u00bb.vc_custom_1650714847369{padding-top: 80px !important;padding-bottom: 80px !important;}\u00a0\u00bb][vc_column][vc_row_inner css=\u00a0\u00bb.vc_custom_1650714757200{padding-bottom: 40px !important;}\u00a0\u00bb][vc_column_inner width=\u00a0\u00bb1\/4&Prime;][vc_column_text] Notre histoire [\/vc_column_text][\/vc_column_inner][vc_column_inner width=\u00a0\u00bb3\/4&Prime;][vc_column_text]EXIM Global Gmbh (EXIM Global), une entreprise familiale bas\u00e9e \u00e0 Z\u00fcrich, est r\u00e9glement\u00e9e par le bureau du registre du commerce de &hellip;<\/p>\n","protected":false},"author":2,"featured_media":0,"parent":0,"menu_order":0,"comment_status":"closed","ping_status":"closed","template":"","meta":{"_acf_changed":false,"_monsterinsights_skip_tracking":false,"_monsterinsights_sitenote_active":false,"_monsterinsights_sitenote_note":"","_monsterinsights_sitenote_category":0,"_joinchat":[],"footnotes":""},"acf":[],"yoast_head":"<!-- This site is optimized with the Yoast SEO plugin v23.0 - https:\/\/yoast.com\/wordpress\/plugins\/seo\/ -->\n<title>Our History French EXIM Global, Qualit\u00e9 et Equit\u00e9<\/title>\n<meta name=\"robots\" content=\"index, follow, max-snippet:-1, max-image-preview:large, max-video-preview:-1\" \/>\n<link rel=\"canonical\" href=\"https:\/\/exim-global.ch\/fr\/our-history-french\/\" \/>\n<meta property=\"og:locale\" content=\"fr_FR\" \/>\n<meta property=\"og:type\" content=\"article\" \/>\n<meta property=\"og:title\" content=\"Our History French EXIM Global, Qualit\u00e9 et Equit\u00e9\" \/>\n<meta property=\"og:description\" content=\"[vc_row type=\u00a0\u00bbfull-nopad\u00a0\u00bb el_class=\u00a0\u00bbcustom__InnerPageBanner\u00a0\u00bb][vc_column][vc_row_inner type=\u00a0\u00bbfull-nopad\u00a0\u00bb][vc_column_inner][vc_column_text][\/vc_column_text][\/vc_column_inner][\/vc_row_inner][vc_row_inner el_class=\u00a0\u00bbcustom__InnerPageBanner__text\u00a0\u00bb][vc_column_inner][vc_column_text] Nous sommes EXIM Global Une \u00e9quipe \u00e0 taille humaine, engag\u00e9e \u00e0 vous servir \u2764\ufe0f [\/vc_column_text][\/vc_column_inner][\/vc_row_inner][\/vc_column][\/vc_row][vc_row type=\u00a0\u00bbboxed\u00a0\u00bb el_class=\u00a0\u00bbcustomAboutUsPage__content\u00a0\u00bb css=\u00a0\u00bb.vc_custom_1650714847369{padding-top: 80px !important;padding-bottom: 80px !important;}\u00a0\u00bb][vc_column][vc_row_inner css=\u00a0\u00bb.vc_custom_1650714757200{padding-bottom: 40px !important;}\u00a0\u00bb][vc_column_inner width=\u00a0\u00bb1\/4&Prime;][vc_column_text] Notre histoire [\/vc_column_text][\/vc_column_inner][vc_column_inner width=\u00a0\u00bb3\/4&Prime;][vc_column_text]EXIM Global Gmbh (EXIM Global), une entreprise familiale bas\u00e9e \u00e0 Z\u00fcrich, est r\u00e9glement\u00e9e par le bureau du registre du commerce de &hellip;\" \/>\n<meta property=\"og:url\" content=\"https:\/\/exim-global.ch\/fr\/our-history-french\/\" \/>\n<meta property=\"og:site_name\" content=\"EXIM Global, Qualit\u00e9 et Equit\u00e9\" \/>\n<meta property=\"article:modified_time\" content=\"2022-04-27T12:16:24+00:00\" \/>\n<meta name=\"twitter:card\" content=\"summary_large_image\" \/>\n<meta name=\"twitter:label1\" content=\"Dur\u00e9e de lecture estim\u00e9e\" \/>\n\t<meta name=\"twitter:data1\" content=\"2 minutes\" \/>\n<script type=\"application\/ld+json\" class=\"yoast-schema-graph\">{\"@context\":\"https:\/\/schema.org\",\"@graph\":[{\"@type\":\"WebPage\",\"@id\":\"https:\/\/exim-global.ch\/fr\/our-history-french\/\",\"url\":\"https:\/\/exim-global.ch\/fr\/our-history-french\/\",\"name\":\"Our History French EXIM Global, Qualit\u00e9 et Equit\u00e9\",\"isPartOf\":{\"@id\":\"https:\/\/exim-global.ch\/#website\"},\"datePublished\":\"2022-04-27T11:58:51+00:00\",\"dateModified\":\"2022-04-27T12:16:24+00:00\",\"inLanguage\":\"fr-FR\",\"potentialAction\":[{\"@type\":\"ReadAction\",\"target\":[\"https:\/\/exim-global.ch\/fr\/our-history-french\/\"]}]},{\"@type\":\"WebSite\",\"@id\":\"https:\/\/exim-global.ch\/#website\",\"url\":\"https:\/\/exim-global.ch\/\",\"name\":\"EXIM Global, Qualit\u00e9 et Equit\u00e9\",\"description\":\"\",\"potentialAction\":[{\"@type\":\"SearchAction\",\"target\":{\"@type\":\"EntryPoint\",\"urlTemplate\":\"https:\/\/exim-global.ch\/?s={search_term_string}\"},\"query-input\":\"required name=search_term_string\"}],\"inLanguage\":\"fr-FR\"}]}<\/script>\n<!-- \/ Yoast SEO plugin. -->","yoast_head_json":{"title":"Our History French EXIM Global, Qualit\u00e9 et Equit\u00e9","robots":{"index":"index","follow":"follow","max-snippet":"max-snippet:-1","max-image-preview":"max-image-preview:large","max-video-preview":"max-video-preview:-1"},"canonical":"https:\/\/exim-global.ch\/fr\/our-history-french\/","og_locale":"fr_FR","og_type":"article","og_title":"Our History French EXIM Global, Qualit\u00e9 et Equit\u00e9","og_description":"[vc_row type=\u00a0\u00bbfull-nopad\u00a0\u00bb el_class=\u00a0\u00bbcustom__InnerPageBanner\u00a0\u00bb][vc_column][vc_row_inner type=\u00a0\u00bbfull-nopad\u00a0\u00bb][vc_column_inner][vc_column_text][\/vc_column_text][\/vc_column_inner][\/vc_row_inner][vc_row_inner el_class=\u00a0\u00bbcustom__InnerPageBanner__text\u00a0\u00bb][vc_column_inner][vc_column_text] Nous sommes EXIM Global Une \u00e9quipe \u00e0 taille humaine, engag\u00e9e \u00e0 vous servir \u2764\ufe0f [\/vc_column_text][\/vc_column_inner][\/vc_row_inner][\/vc_column][\/vc_row][vc_row type=\u00a0\u00bbboxed\u00a0\u00bb el_class=\u00a0\u00bbcustomAboutUsPage__content\u00a0\u00bb css=\u00a0\u00bb.vc_custom_1650714847369{padding-top: 80px !important;padding-bottom: 80px !important;}\u00a0\u00bb][vc_column][vc_row_inner css=\u00a0\u00bb.vc_custom_1650714757200{padding-bottom: 40px !important;}\u00a0\u00bb][vc_column_inner width=\u00a0\u00bb1\/4&Prime;][vc_column_text] Notre histoire [\/vc_column_text][\/vc_column_inner][vc_column_inner width=\u00a0\u00bb3\/4&Prime;][vc_column_text]EXIM Global Gmbh (EXIM Global), une entreprise familiale bas\u00e9e \u00e0 Z\u00fcrich, est r\u00e9glement\u00e9e par le bureau du registre du commerce de &hellip;","og_url":"https:\/\/exim-global.ch\/fr\/our-history-french\/","og_site_name":"EXIM Global, Qualit\u00e9 et Equit\u00e9","article_modified_time":"2022-04-27T12:16:24+00:00","twitter_card":"summary_large_image","twitter_misc":{"Dur\u00e9e de lecture estim\u00e9e":"2 minutes"},"schema":{"@context":"https:\/\/schema.org","@graph":[{"@type":"WebPage","@id":"https:\/\/exim-global.ch\/fr\/our-history-french\/","url":"https:\/\/exim-global.ch\/fr\/our-history-french\/","name":"Our History French EXIM Global, Qualit\u00e9 et Equit\u00e9","isPartOf":{"@id":"https:\/\/exim-global.ch\/#website"},"datePublished":"2022-04-27T11:58:51+00:00","dateModified":"2022-04-27T12:16:24+00:00","inLanguage":"fr-FR","potentialAction":[{"@type":"ReadAction","target":["https:\/\/exim-global.ch\/fr\/our-history-french\/"]}]},{"@type":"WebSite","@id":"https:\/\/exim-global.ch\/#website","url":"https:\/\/exim-global.ch\/","name":"EXIM Global, Qualit\u00e9 et Equit\u00e9","description":"","potentialAction":[{"@type":"SearchAction","target":{"@type":"EntryPoint","urlTemplate":"https:\/\/exim-global.ch\/?s={search_term_string}"},"query-input":"required name=search_term_string"}],"inLanguage":"fr-FR"}]}},"_links":{"self":[{"href":"https:\/\/exim-global.ch\/fr\/wp-json\/wp\/v2\/pages\/1424"}],"collection":[{"href":"https:\/\/exim-global.ch\/fr\/wp-json\/wp\/v2\/pages"}],"about":[{"href":"https:\/\/exim-global.ch\/fr\/wp-json\/wp\/v2\/types\/page"}],"author":[{"embeddable":true,"href":"https:\/\/exim-global.ch\/fr\/wp-json\/wp\/v2\/users\/2"}],"replies":[{"embeddable":true,"href":"https:\/\/exim-global.ch\/fr\/wp-json\/wp\/v2\/comments?post=1424"}],"version-history":[{"count":3,"href":"https:\/\/exim-global.ch\/fr\/wp-json\/wp\/v2\/pages\/1424\/revisions"}],"predecessor-version":[{"id":1427,"href":"https:\/\/exim-global.ch\/fr\/wp-json\/wp\/v2\/pages\/1424\/revisions\/1427"}],"wp:attachment":[{"href":"https:\/\/exim-global.ch\/fr\/wp-json\/wp\/v2\/media?parent=1424"}],"curies":[{"name":"wp","href":"https:\/\/api.w.org\/{rel}","templated":true}]}}