{"id":497,"date":"2021-01-25T13:42:34","date_gmt":"2021-01-25T13:42:34","guid":{"rendered":"https:\/\/exim-global.ch\/votre-equipe\/"},"modified":"2022-04-27T13:21:16","modified_gmt":"2022-04-27T13:21:16","slug":"votre-equipe","status":"publish","type":"page","link":"https:\/\/exim-global.ch\/fr\/votre-equipe\/","title":{"rendered":"Notre Equipe"},"content":{"rendered":"<p>[vc_row][vc_column width=\u00a0\u00bb1\/4&Prime;][vc_empty_space height=\u00a0\u00bb47px\u00a0\u00bb][vc_single_image image=\u00a0\u00bb675&Prime; img_size=\u00a0\u00bb1024*682&Prime; alignment=\u00a0\u00bbcenter\u00a0\u00bb onclick=\u00a0\u00bbimg_link_large\u00a0\u00bb img_link_target=\u00a0\u00bb_blank\u00a0\u00bb][vc_empty_space][\/vc_column][vc_column width=\u00a0\u00bb1\/4&Prime;][vc_empty_space height=\u00a0\u00bb47px\u00a0\u00bb][vc_single_image image=\u00a0\u00bb687&Prime; img_size=\u00a0\u00bb1024*682&Prime; alignment=\u00a0\u00bbcenter\u00a0\u00bb onclick=\u00a0\u00bbimg_link_large\u00a0\u00bb img_link_target=\u00a0\u00bb_blank\u00a0\u00bb][vc_empty_space][\/vc_column][vc_column width=\u00a0\u00bb1\/4&Prime;][vc_empty_space height=\u00a0\u00bb47px\u00a0\u00bb][vc_single_image image=\u00a0\u00bb689&Prime; img_size=\u00a0\u00bb1024*682&Prime; alignment=\u00a0\u00bbcenter\u00a0\u00bb onclick=\u00a0\u00bbimg_link_large\u00a0\u00bb img_link_target=\u00a0\u00bb_blank\u00a0\u00bb][vc_empty_space][\/vc_column][vc_column width=\u00a0\u00bb1\/4&Prime;][vc_empty_space height=\u00a0\u00bb47px\u00a0\u00bb][vc_single_image image=\u00a0\u00bb677&Prime; img_size=\u00a0\u00bb1024*682&Prime; alignment=\u00a0\u00bbcenter\u00a0\u00bb onclick=\u00a0\u00bbimg_link_large\u00a0\u00bb img_link_target=\u00a0\u00bb_blank\u00a0\u00bb][vc_empty_space][\/vc_column][\/vc_row][vc_row el_class=\u00a0\u00bbcustomOurTeam__content\u00a0\u00bb][vc_column][vc_row_inner type=\u00a0\u00bbboxed\u00a0\u00bb el_class=\u00a0\u00bbcustomOurTeam__content___innerRow\u00a0\u00bb css=\u00a0\u00bb.vc_custom_1650890158618{border-bottom-width: 0px !important;padding-top: 40px !important;}\u00a0\u00bb][vc_column_inner el_class=\u00a0\u00bbcustomOurTeam__content__img\u00a0\u00bb width=\u00a0\u00bb4\/12&Prime;][vc_single_image image=\u00a0\u00bb1358&Prime; img_size=\u00a0\u00bblarge\u00a0\u00bb][\/vc_column_inner][vc_column_inner el_class=\u00a0\u00bbcustomOurTeam__content__text\u00a0\u00bb width=\u00a0\u00bb8\/12&Prime;][vc_column_text]<\/p>\n<h2><strong>Maxime Motcheho<\/strong><\/h2>\n<p>[\/vc_column_text][vc_column_text]Ayant la double culture fran\u00e7aise et camerounaise, je suis dipl\u00f4m\u00e9 en ing\u00e9nierie financi\u00e8re et dot\u00e9 de 9 ans d\u2019exp\u00e9riences en tant qu\u2019analyste risque financier dans des groupes d\u2019assurance et de r\u00e9assurance reconnus dans le monde entier.<\/p>\n<p>Me rejoindre sur Linkedin\u00a0:\u00a0<a href=\"https:\/\/www.linkedin.com\/in\/maxime-motcheho-5750b529\/\">https:\/\/www.linkedin.com\/in\/maxime-motcheho-5750b529\/<\/a><\/p>\n<p>Vu mon int\u00e9r\u00eat pour les projets \u00e0 impact social, le caf\u00e9 et le poivre du Cameroun sont class\u00e9s, je pense, parmi les meilleurs produits propos\u00e9s au sein du pays consommateur. Plus nous serons proches des consommateurs, mieux se passera la promotion de ces produits. Ce sera d\u2019ailleurs un grand plus pour les agriculteurs locaux qui profitent des retomb\u00e9es \u00e9conomiques de ce projet.[\/vc_column_text][\/vc_column_inner][vc_column_inner width=\u00a0\u00bb12\/12&Prime; css=\u00a0\u00bb.vc_custom_1650889986759{padding-top: 0px !important;}\u00a0\u00bb][vc_separator el_class=\u00a0\u00bbcustomDoubleBorderSeparator\u00a0\u00bb][\/vc_column_inner][\/vc_row_inner][vc_row_inner type=\u00a0\u00bbboxed\u00a0\u00bb el_class=\u00a0\u00bbcustomOurTeam__content___innerRow\u00a0\u00bb css=\u00a0\u00bb.vc_custom_1650890169977{padding-top: 40px !important;padding-bottom: 0px !important;}\u00a0\u00bb][vc_column_inner el_class=\u00a0\u00bbcustomOurTeam__content__text\u00a0\u00bb width=\u00a0\u00bb8\/12&Prime;][vc_column_text]<\/p>\n<h2><strong>Paul Simeu<\/strong><\/h2>\n<p>[\/vc_column_text][vc_column_text]Mr Paul Simeu, qui est mon oncle, vit au Cameroun. En plus d\u2019une solide exp\u00e9rience de 15 ans dans la torr\u00e9faction de caf\u00e9 pour le march\u00e9 local, il est en relation directe avec les coop\u00e9ratives de caf\u00e9 et de poivre. Ainsi, il s\u2019occupe du traitement complet des produits, \u00e0 savoir leur transformation ainsi que la garantie de leur qualit\u00e9, sans oublier la logistique de livraison.[\/vc_column_text][\/vc_column_inner][vc_column_inner el_class=\u00a0\u00bbcustomOurTeam__content__img\u00a0\u00bb width=\u00a0\u00bb4\/12&Prime;][vc_single_image image=\u00a0\u00bb1358&Prime; img_size=\u00a0\u00bblarge\u00a0\u00bb][\/vc_column_inner][vc_column_inner width=\u00a0\u00bb12\/12&Prime; css=\u00a0\u00bb.vc_custom_1650890019777{padding-top: 0px !important;}\u00a0\u00bb][vc_separator el_class=\u00a0\u00bbcustomDoubleBorderSeparator\u00a0\u00bb][\/vc_column_inner][\/vc_row_inner][vc_row_inner type=\u00a0\u00bbboxed\u00a0\u00bb el_class=\u00a0\u00bbcustomOurTeam__content___innerRow\u00a0\u00bb css=\u00a0\u00bb.vc_custom_1650887012103{padding-top: 40px !important;padding-bottom: 60px !important;}\u00a0\u00bb][vc_column_inner el_class=\u00a0\u00bbcustomOurTeam__content__img\u00a0\u00bb width=\u00a0\u00bb4\/12&Prime;][vc_column_text]<\/p>\n<h2><strong>Temporaires<\/strong><\/h2>\n<p>[\/vc_column_text][\/vc_column_inner][vc_column_inner el_class=\u00a0\u00bbcustomOurTeam__content__text customOurTeam__content__textBoderRight\u00a0\u00bb width=\u00a0\u00bb8\/12&Prime;][vc_column_text]Pour une production \u00e0 la fois rapide et de bonne qualit\u00e9, nous engageons 6 \u00e0 10 employ\u00e9s durant les p\u00e9riodes de production de caf\u00e9 et de poivre. Nous s\u00e9lectionnons pour cela des personnes r\u00e9sidant aux alentours des zones de production. De cette mani\u00e8re, EXIM Global contribue non seulement \u00e0 la satisfaction des agriculteurs (mieux r\u00e9mun\u00e9r\u00e9s), mais aussi \u00e0 un d\u00e9veloppement social non n\u00e9gligeable au niveau des populations locales (nouveaux emplois cr\u00e9\u00e9s).[\/vc_column_text][\/vc_column_inner][vc_column_inner width=\u00a0\u00bb12\/12&Prime;][vc_separator el_class=\u00a0\u00bbcustomDoubleBorderSeparator\u00a0\u00bb][\/vc_column_inner][\/vc_row_inner][\/vc_column][\/vc_row]<\/p>\n","protected":false},"excerpt":{"rendered":"<p>[vc_row][vc_column width=\u00a0\u00bb1\/4&Prime;][vc_empty_space height=\u00a0\u00bb47px\u00a0\u00bb][vc_single_image image=\u00a0\u00bb675&Prime; img_size=\u00a0\u00bb1024*682&Prime; alignment=\u00a0\u00bbcenter\u00a0\u00bb onclick=\u00a0\u00bbimg_link_large\u00a0\u00bb img_link_target=\u00a0\u00bb_blank\u00a0\u00bb][vc_empty_space][\/vc_column][vc_column width=\u00a0\u00bb1\/4&Prime;][vc_empty_space height=\u00a0\u00bb47px\u00a0\u00bb][vc_single_image image=\u00a0\u00bb687&Prime; img_size=\u00a0\u00bb1024*682&Prime; alignment=\u00a0\u00bbcenter\u00a0\u00bb onclick=\u00a0\u00bbimg_link_large\u00a0\u00bb img_link_target=\u00a0\u00bb_blank\u00a0\u00bb][vc_empty_space][\/vc_column][vc_column width=\u00a0\u00bb1\/4&Prime;][vc_empty_space height=\u00a0\u00bb47px\u00a0\u00bb][vc_single_image image=\u00a0\u00bb689&Prime; img_size=\u00a0\u00bb1024*682&Prime; alignment=\u00a0\u00bbcenter\u00a0\u00bb onclick=\u00a0\u00bbimg_link_large\u00a0\u00bb img_link_target=\u00a0\u00bb_blank\u00a0\u00bb][vc_empty_space][\/vc_column][vc_column width=\u00a0\u00bb1\/4&Prime;][vc_empty_space height=\u00a0\u00bb47px\u00a0\u00bb][vc_single_image image=\u00a0\u00bb677&Prime; img_size=\u00a0\u00bb1024*682&Prime; alignment=\u00a0\u00bbcenter\u00a0\u00bb onclick=\u00a0\u00bbimg_link_large\u00a0\u00bb img_link_target=\u00a0\u00bb_blank\u00a0\u00bb][vc_empty_space][\/vc_column][\/vc_row][vc_row el_class=\u00a0\u00bbcustomOurTeam__content\u00a0\u00bb][vc_column][vc_row_inner type=\u00a0\u00bbboxed\u00a0\u00bb el_class=\u00a0\u00bbcustomOurTeam__content___innerRow\u00a0\u00bb css=\u00a0\u00bb.vc_custom_1650890158618{border-bottom-width: 0px !important;padding-top: 40px !important;}\u00a0\u00bb][vc_column_inner el_class=\u00a0\u00bbcustomOurTeam__content__img\u00a0\u00bb width=\u00a0\u00bb4\/12&Prime;][vc_single_image image=\u00a0\u00bb1358&Prime; img_size=\u00a0\u00bblarge\u00a0\u00bb][\/vc_column_inner][vc_column_inner el_class=\u00a0\u00bbcustomOurTeam__content__text\u00a0\u00bb width=\u00a0\u00bb8\/12&Prime;][vc_column_text] Maxime Motcheho [\/vc_column_text][vc_column_text]Ayant la double culture fran\u00e7aise et camerounaise, je suis dipl\u00f4m\u00e9 &hellip;<\/p>\n","protected":false},"author":2,"featured_media":0,"parent":0,"menu_order":0,"comment_status":"closed","ping_status":"closed","template":"","meta":{"_acf_changed":false,"_monsterinsights_skip_tracking":false,"_monsterinsights_sitenote_active":false,"_monsterinsights_sitenote_note":"","_monsterinsights_sitenote_category":0,"_joinchat":[],"footnotes":""},"acf":[],"yoast_head":"<!-- This site is optimized with the Yoast SEO plugin v23.0 - https:\/\/yoast.com\/wordpress\/plugins\/seo\/ -->\n<title>Notre Equipe EXIM Global, Qualit\u00e9 et Equit\u00e9<\/title>\n<meta name=\"robots\" content=\"index, follow, max-snippet:-1, max-image-preview:large, max-video-preview:-1\" \/>\n<link rel=\"canonical\" href=\"https:\/\/exim-global.ch\/fr\/votre-equipe\/\" \/>\n<meta property=\"og:locale\" content=\"fr_FR\" \/>\n<meta property=\"og:type\" content=\"article\" \/>\n<meta property=\"og:title\" content=\"Notre Equipe EXIM Global, Qualit\u00e9 et Equit\u00e9\" \/>\n<meta property=\"og:description\" content=\"[vc_row][vc_column width=\u00a0\u00bb1\/4&Prime;][vc_empty_space height=\u00a0\u00bb47px\u00a0\u00bb][vc_single_image image=\u00a0\u00bb675&Prime; img_size=\u00a0\u00bb1024*682&Prime; alignment=\u00a0\u00bbcenter\u00a0\u00bb onclick=\u00a0\u00bbimg_link_large\u00a0\u00bb img_link_target=\u00a0\u00bb_blank\u00a0\u00bb][vc_empty_space][\/vc_column][vc_column width=\u00a0\u00bb1\/4&Prime;][vc_empty_space height=\u00a0\u00bb47px\u00a0\u00bb][vc_single_image image=\u00a0\u00bb687&Prime; img_size=\u00a0\u00bb1024*682&Prime; alignment=\u00a0\u00bbcenter\u00a0\u00bb onclick=\u00a0\u00bbimg_link_large\u00a0\u00bb img_link_target=\u00a0\u00bb_blank\u00a0\u00bb][vc_empty_space][\/vc_column][vc_column width=\u00a0\u00bb1\/4&Prime;][vc_empty_space height=\u00a0\u00bb47px\u00a0\u00bb][vc_single_image image=\u00a0\u00bb689&Prime; img_size=\u00a0\u00bb1024*682&Prime; alignment=\u00a0\u00bbcenter\u00a0\u00bb onclick=\u00a0\u00bbimg_link_large\u00a0\u00bb img_link_target=\u00a0\u00bb_blank\u00a0\u00bb][vc_empty_space][\/vc_column][vc_column width=\u00a0\u00bb1\/4&Prime;][vc_empty_space height=\u00a0\u00bb47px\u00a0\u00bb][vc_single_image image=\u00a0\u00bb677&Prime; img_size=\u00a0\u00bb1024*682&Prime; alignment=\u00a0\u00bbcenter\u00a0\u00bb onclick=\u00a0\u00bbimg_link_large\u00a0\u00bb img_link_target=\u00a0\u00bb_blank\u00a0\u00bb][vc_empty_space][\/vc_column][\/vc_row][vc_row el_class=\u00a0\u00bbcustomOurTeam__content\u00a0\u00bb][vc_column][vc_row_inner type=\u00a0\u00bbboxed\u00a0\u00bb el_class=\u00a0\u00bbcustomOurTeam__content___innerRow\u00a0\u00bb css=\u00a0\u00bb.vc_custom_1650890158618{border-bottom-width: 0px !important;padding-top: 40px !important;}\u00a0\u00bb][vc_column_inner el_class=\u00a0\u00bbcustomOurTeam__content__img\u00a0\u00bb width=\u00a0\u00bb4\/12&Prime;][vc_single_image image=\u00a0\u00bb1358&Prime; img_size=\u00a0\u00bblarge\u00a0\u00bb][\/vc_column_inner][vc_column_inner el_class=\u00a0\u00bbcustomOurTeam__content__text\u00a0\u00bb width=\u00a0\u00bb8\/12&Prime;][vc_column_text] Maxime Motcheho [\/vc_column_text][vc_column_text]Ayant la double culture fran\u00e7aise et camerounaise, je suis dipl\u00f4m\u00e9 &hellip;\" \/>\n<meta property=\"og:url\" content=\"https:\/\/exim-global.ch\/fr\/votre-equipe\/\" \/>\n<meta property=\"og:site_name\" content=\"EXIM Global, Qualit\u00e9 et Equit\u00e9\" \/>\n<meta property=\"article:modified_time\" content=\"2022-04-27T13:21:16+00:00\" \/>\n<meta name=\"twitter:card\" content=\"summary_large_image\" \/>\n<meta name=\"twitter:label1\" content=\"Dur\u00e9e de lecture estim\u00e9e\" \/>\n\t<meta name=\"twitter:data1\" content=\"2 minutes\" \/>\n<script type=\"application\/ld+json\" class=\"yoast-schema-graph\">{\"@context\":\"https:\/\/schema.org\",\"@graph\":[{\"@type\":\"WebPage\",\"@id\":\"https:\/\/exim-global.ch\/fr\/votre-equipe\/\",\"url\":\"https:\/\/exim-global.ch\/fr\/votre-equipe\/\",\"name\":\"Notre Equipe EXIM Global, Qualit\u00e9 et Equit\u00e9\",\"isPartOf\":{\"@id\":\"https:\/\/exim-global.ch\/#website\"},\"datePublished\":\"2021-01-25T13:42:34+00:00\",\"dateModified\":\"2022-04-27T13:21:16+00:00\",\"inLanguage\":\"fr-FR\",\"potentialAction\":[{\"@type\":\"ReadAction\",\"target\":[\"https:\/\/exim-global.ch\/fr\/votre-equipe\/\"]}]},{\"@type\":\"WebSite\",\"@id\":\"https:\/\/exim-global.ch\/#website\",\"url\":\"https:\/\/exim-global.ch\/\",\"name\":\"EXIM Global, Qualit\u00e9 et Equit\u00e9\",\"description\":\"\",\"potentialAction\":[{\"@type\":\"SearchAction\",\"target\":{\"@type\":\"EntryPoint\",\"urlTemplate\":\"https:\/\/exim-global.ch\/?s={search_term_string}\"},\"query-input\":\"required name=search_term_string\"}],\"inLanguage\":\"fr-FR\"}]}<\/script>\n<!-- \/ Yoast SEO plugin. -->","yoast_head_json":{"title":"Notre Equipe EXIM Global, Qualit\u00e9 et Equit\u00e9","robots":{"index":"index","follow":"follow","max-snippet":"max-snippet:-1","max-image-preview":"max-image-preview:large","max-video-preview":"max-video-preview:-1"},"canonical":"https:\/\/exim-global.ch\/fr\/votre-equipe\/","og_locale":"fr_FR","og_type":"article","og_title":"Notre Equipe EXIM Global, Qualit\u00e9 et Equit\u00e9","og_description":"[vc_row][vc_column width=\u00a0\u00bb1\/4&Prime;][vc_empty_space height=\u00a0\u00bb47px\u00a0\u00bb][vc_single_image image=\u00a0\u00bb675&Prime; img_size=\u00a0\u00bb1024*682&Prime; alignment=\u00a0\u00bbcenter\u00a0\u00bb onclick=\u00a0\u00bbimg_link_large\u00a0\u00bb img_link_target=\u00a0\u00bb_blank\u00a0\u00bb][vc_empty_space][\/vc_column][vc_column width=\u00a0\u00bb1\/4&Prime;][vc_empty_space height=\u00a0\u00bb47px\u00a0\u00bb][vc_single_image image=\u00a0\u00bb687&Prime; img_size=\u00a0\u00bb1024*682&Prime; alignment=\u00a0\u00bbcenter\u00a0\u00bb onclick=\u00a0\u00bbimg_link_large\u00a0\u00bb img_link_target=\u00a0\u00bb_blank\u00a0\u00bb][vc_empty_space][\/vc_column][vc_column width=\u00a0\u00bb1\/4&Prime;][vc_empty_space height=\u00a0\u00bb47px\u00a0\u00bb][vc_single_image image=\u00a0\u00bb689&Prime; img_size=\u00a0\u00bb1024*682&Prime; alignment=\u00a0\u00bbcenter\u00a0\u00bb onclick=\u00a0\u00bbimg_link_large\u00a0\u00bb img_link_target=\u00a0\u00bb_blank\u00a0\u00bb][vc_empty_space][\/vc_column][vc_column width=\u00a0\u00bb1\/4&Prime;][vc_empty_space height=\u00a0\u00bb47px\u00a0\u00bb][vc_single_image image=\u00a0\u00bb677&Prime; img_size=\u00a0\u00bb1024*682&Prime; alignment=\u00a0\u00bbcenter\u00a0\u00bb onclick=\u00a0\u00bbimg_link_large\u00a0\u00bb img_link_target=\u00a0\u00bb_blank\u00a0\u00bb][vc_empty_space][\/vc_column][\/vc_row][vc_row el_class=\u00a0\u00bbcustomOurTeam__content\u00a0\u00bb][vc_column][vc_row_inner type=\u00a0\u00bbboxed\u00a0\u00bb el_class=\u00a0\u00bbcustomOurTeam__content___innerRow\u00a0\u00bb css=\u00a0\u00bb.vc_custom_1650890158618{border-bottom-width: 0px !important;padding-top: 40px !important;}\u00a0\u00bb][vc_column_inner el_class=\u00a0\u00bbcustomOurTeam__content__img\u00a0\u00bb width=\u00a0\u00bb4\/12&Prime;][vc_single_image image=\u00a0\u00bb1358&Prime; img_size=\u00a0\u00bblarge\u00a0\u00bb][\/vc_column_inner][vc_column_inner el_class=\u00a0\u00bbcustomOurTeam__content__text\u00a0\u00bb width=\u00a0\u00bb8\/12&Prime;][vc_column_text] Maxime Motcheho [\/vc_column_text][vc_column_text]Ayant la double culture fran\u00e7aise et camerounaise, je suis dipl\u00f4m\u00e9 &hellip;","og_url":"https:\/\/exim-global.ch\/fr\/votre-equipe\/","og_site_name":"EXIM Global, Qualit\u00e9 et Equit\u00e9","article_modified_time":"2022-04-27T13:21:16+00:00","twitter_card":"summary_large_image","twitter_misc":{"Dur\u00e9e de lecture estim\u00e9e":"2 minutes"},"schema":{"@context":"https:\/\/schema.org","@graph":[{"@type":"WebPage","@id":"https:\/\/exim-global.ch\/fr\/votre-equipe\/","url":"https:\/\/exim-global.ch\/fr\/votre-equipe\/","name":"Notre Equipe EXIM Global, Qualit\u00e9 et Equit\u00e9","isPartOf":{"@id":"https:\/\/exim-global.ch\/#website"},"datePublished":"2021-01-25T13:42:34+00:00","dateModified":"2022-04-27T13:21:16+00:00","inLanguage":"fr-FR","potentialAction":[{"@type":"ReadAction","target":["https:\/\/exim-global.ch\/fr\/votre-equipe\/"]}]},{"@type":"WebSite","@id":"https:\/\/exim-global.ch\/#website","url":"https:\/\/exim-global.ch\/","name":"EXIM Global, Qualit\u00e9 et Equit\u00e9","description":"","potentialAction":[{"@type":"SearchAction","target":{"@type":"EntryPoint","urlTemplate":"https:\/\/exim-global.ch\/?s={search_term_string}"},"query-input":"required name=search_term_string"}],"inLanguage":"fr-FR"}]}},"_links":{"self":[{"href":"https:\/\/exim-global.ch\/fr\/wp-json\/wp\/v2\/pages\/497"}],"collection":[{"href":"https:\/\/exim-global.ch\/fr\/wp-json\/wp\/v2\/pages"}],"about":[{"href":"https:\/\/exim-global.ch\/fr\/wp-json\/wp\/v2\/types\/page"}],"author":[{"embeddable":true,"href":"https:\/\/exim-global.ch\/fr\/wp-json\/wp\/v2\/users\/2"}],"replies":[{"embeddable":true,"href":"https:\/\/exim-global.ch\/fr\/wp-json\/wp\/v2\/comments?post=497"}],"version-history":[{"count":6,"href":"https:\/\/exim-global.ch\/fr\/wp-json\/wp\/v2\/pages\/497\/revisions"}],"predecessor-version":[{"id":1444,"href":"https:\/\/exim-global.ch\/fr\/wp-json\/wp\/v2\/pages\/497\/revisions\/1444"}],"wp:attachment":[{"href":"https:\/\/exim-global.ch\/fr\/wp-json\/wp\/v2\/media?parent=497"}],"curies":[{"name":"wp","href":"https:\/\/api.w.org\/{rel}","templated":true}]}}