{"id":501,"date":"2020-09-03T11:25:32","date_gmt":"2020-09-03T11:25:32","guid":{"rendered":"https:\/\/exim-global.ch\/contactez-nous\/"},"modified":"2022-04-27T13:18:10","modified_gmt":"2022-04-27T13:18:10","slug":"contactez-nous","status":"publish","type":"page","link":"https:\/\/exim-global.ch\/fr\/contactez-nous\/","title":{"rendered":"Contactez-nous"},"content":{"rendered":"<p>[vc_row][vc_column][vc_row_inner type=\u00a0\u00bbboxed\u00a0\u00bb css=\u00a0\u00bb.vc_custom_1650874766853{border-top-width: 60px !important;}\u00a0\u00bb][vc_column_inner][vc_custom_heading text=\u00a0\u00bbFaisons connaissance\u00a0\u00bb font_container=\u00a0\u00bbtag:h1|font_size:30px|text_align:left\u00a0\u00bb][\/vc_column_inner][\/vc_row_inner][\/vc_column][\/vc_row][vc_row el_class=\u00a0\u00bbcustomContactPage__content\u00a0\u00bb css=\u00a0\u00bb.vc_custom_1650874537638{padding-top: 60px !important;padding-bottom: 60px !important;}\u00a0\u00bb][vc_column][vc_row_inner type=\u00a0\u00bbboxed\u00a0\u00bb el_class=\u00a0\u00bbcustomContactPage__content__innerRow\u00a0\u00bb][vc_column_inner el_class=\u00a0\u00bbcustomContactPage__content__details\u00a0\u00bb width=\u00a0\u00bb1\/3&Prime;][vc_column_text]<\/p>\n<h2>Information pour contact<\/h2>\n<p>[\/vc_column_text][vc_column_text]T\u00e9l.: +41787314156<\/p>\n<p>Email: contact@exim-global.ch<\/p>\n<p>Address: Winterthurerstrasse 30<br \/>\n8006 Zurich Switzerland[\/vc_column_text][\/vc_column_inner][vc_column_inner el_class=\u00a0\u00bbcustomContactPage__content__form\u00a0\u00bb width=\u00a0\u00bb2\/3&Prime;][vc_column_text]<\/p>\n<h2>Formulaire de contact<\/h2>\n<p>[\/vc_column_text]\n<div class=\"wpcf7 no-js\" id=\"wpcf7-f7-o1\" lang=\"fr-FR\" dir=\"ltr\">\n<div class=\"screen-reader-response\"><p role=\"status\" aria-live=\"polite\" aria-atomic=\"true\"><\/p> <ul><\/ul><\/div>\n<form action=\"\/fr\/wp-json\/wp\/v2\/pages\/501#wpcf7-f7-o1\" method=\"post\" class=\"wpcf7-form init\" aria-label=\"Formulaire de contact\" novalidate=\"novalidate\" data-status=\"init\">\n<div style=\"display: none;\">\n<input type=\"hidden\" name=\"_wpcf7\" value=\"7\" \/>\n<input type=\"hidden\" name=\"_wpcf7_version\" value=\"5.9.6\" \/>\n<input type=\"hidden\" name=\"_wpcf7_locale\" value=\"fr_FR\" \/>\n<input type=\"hidden\" name=\"_wpcf7_unit_tag\" value=\"wpcf7-f7-o1\" \/>\n<input type=\"hidden\" name=\"_wpcf7_container_post\" value=\"0\" \/>\n<input type=\"hidden\" name=\"_wpcf7_posted_data_hash\" value=\"\" \/>\n<input type=\"hidden\" name=\"_wpcf7_recaptcha_response\" value=\"\" \/>\n<\/div>\n<p><label> Your Name (required)<br \/>\n<span class=\"wpcf7-form-control-wrap\" data-name=\"your-name\"><input size=\"40\" maxlength=\"80\" class=\"wpcf7-form-control wpcf7-text wpcf7-validates-as-required\" aria-required=\"true\" aria-invalid=\"false\" value=\"\" type=\"text\" name=\"your-name\" \/><\/span> <\/label>\n<\/p>\n<p><label> Your Email (required)<br \/>\n<span class=\"wpcf7-form-control-wrap\" data-name=\"your-email\"><input size=\"40\" maxlength=\"80\" class=\"wpcf7-form-control wpcf7-email wpcf7-validates-as-required wpcf7-text wpcf7-validates-as-email\" aria-required=\"true\" aria-invalid=\"false\" value=\"\" type=\"email\" name=\"your-email\" \/><\/span> <\/label>\n<\/p>\n<p><label> Subject<br \/>\n<span class=\"wpcf7-form-control-wrap\" data-name=\"your-subject\"><input size=\"40\" maxlength=\"80\" class=\"wpcf7-form-control wpcf7-text\" aria-invalid=\"false\" value=\"\" type=\"text\" name=\"your-subject\" \/><\/span> <\/label>\n<\/p>\n<p><label> Your Message<br \/>\n<span class=\"wpcf7-form-control-wrap\" data-name=\"your-message\"><textarea cols=\"40\" rows=\"10\" maxlength=\"400\" class=\"wpcf7-form-control wpcf7-textarea\" aria-invalid=\"false\" name=\"your-message\"><\/textarea><\/span> <\/label>\n<\/p>\n<p class=\"quiz-box\"><br \/>\n<span class=\"wpcf7-form-control-wrap\" data-name=\"math-quiz\"><label><span class=\"wpcf7-quiz-label\">Answer this question: 11+6=?<\/span> <input size=\"40\" class=\"wpcf7-form-control wpcf7-quiz\" autocomplete=\"off\" aria-required=\"true\" aria-invalid=\"false\" type=\"text\" name=\"math-quiz\" \/><\/label><input type=\"hidden\" name=\"_wpcf7_quiz_answer_math-quiz\" value=\"1e34a02806cbfecbf97ce7a4502a0f5d\" \/><\/span>\n<\/p>\n<span class=\"wpcf7-form-control-wrap recaptcha\" data-name=\"recaptcha\"><span data-sitekey=\"6LfwXigbAAAAANhTodZ5-K0mZb39TNGuvx4OLeO3\" class=\"wpcf7-form-control wpcf7-recaptcha g-recaptcha\"><\/span>\r\n<noscript>\r\n\t<div class=\"grecaptcha-noscript\">\r\n\t\t<iframe loading=\"lazy\" src=\"https:\/\/www.google.com\/recaptcha\/api\/fallback?k=6LfwXigbAAAAANhTodZ5-K0mZb39TNGuvx4OLeO3\" frameborder=\"0\" scrolling=\"no\" width=\"310\" height=\"430\">\r\n\t\t<\/iframe>\r\n\t\t<textarea name=\"g-recaptcha-response\" rows=\"3\" cols=\"40\" placeholder=\"reCaptcha Response Here\">\r\n\t\t<\/textarea>\r\n\t<\/div>\r\n<\/noscript>\r\n<\/span>\n<p><span id=\"wpcf7-69e5b2d06cd76-wrapper\" class=\"wpcf7-form-control-wrap web-spam-wrap\" style=\"display:none !important; visibility:hidden !important;\"><label for=\"wpcf7-69e5b2d06cd76-field\" class=\"hp-message\">Veuillez laisser ce champ vide.<\/label><input id=\"wpcf7-69e5b2d06cd76-field\"  class=\"wpcf7-form-control wpcf7-text\" type=\"text\" name=\"web-spam\" value=\"\" size=\"40\" tabindex=\"-1\" autocomplete=\"new-password\" \/><\/span><br \/>\n<input class=\"wpcf7-form-control wpcf7-submit has-spinner\" type=\"submit\" value=\"Send\" \/>\n<\/p><div class=\"wpcf7-response-output\" aria-hidden=\"true\"><\/div>\n<\/form>\n<\/div>\n[\/vc_column_inner][\/vc_row_inner][\/vc_column][\/vc_row][vc_row el_class=\u00a0\u00bbcustomContactPage__map\u00a0\u00bb css=\u00a0\u00bb.vc_custom_1650973647117{padding-top: 0px !important;padding-bottom: 60px !important;}\u00a0\u00bb][vc_column][vc_row_inner][vc_column_inner][vc_raw_html]JTNDZGl2JTIwY2xhc3MlM0QlMjJjdXN0b21Db250YWN0UGFnZV9fbWFwRnJhbWUlMjIlM0UlMEElM0NpZnJhbWUlMjB3aWR0aCUzRCUyMjUyMCUyMiUyMGhlaWdodCUzRCUyMjQwMCUyMiUyMGZyYW1lYm9yZGVyJTNEJTIyMCUyMiUyMHNjcm9sbGluZyUzRCUyMm5vJTIyJTIwbWFyZ2luaGVpZ2h0JTNEJTIyMCUyMiUyMG1hcmdpbndpZHRoJTNEJTIyMCUyMiUyMGlkJTNEJTIyZ21hcF9jYW52YXMlMjIlMjBzcmMlM0QlMjJodHRwcyUzQSUyRiUyRm1hcHMuZ29vZ2xlLmNvbSUyRm1hcHMlM0Z3aWR0aCUzRDUyMCUyNmFtcCUzQmhlaWdodCUzRDQwMCUyNmFtcCUzQmhsJTNEZW4lMjZhbXAlM0JxJTNEV2ludGVydGh1cmVyc3RyYXNzZSUyNTIwMzAlMjUyMFp1cmljaCUyQiUyOFdpbnRlcnRodXJlcnN0cmFzc2UlMjUyMDMwJTI5JTI2YW1wJTNCdCUzRCUyNmFtcCUzQnolM0QxMiUyNmFtcCUzQmllJTNEVVRGOCUyNmFtcCUzQml3bG9jJTNEQiUyNmFtcCUzQm91dHB1dCUzRGVtYmVkJTIyJTNFJTNDJTJGaWZyYW1lJTNFJTIwJTNDYSUyMGhyZWYlM0QlMjdodHRwcyUzQSUyRiUyRmFkZC1tYXAuY29tJTJGJTI3JTNFZW1iZWQlMjBnb29nbGUlMjBtYXAlMjBpbiUyMHdlYnNpdGUlM0MlMkZhJTNFJTIwJTNDc2NyaXB0JTIwdHlwZSUzRCUyN3RleHQlMkZqYXZhc2NyaXB0JTI3JTIwc3JjJTNEJTI3aHR0cHMlM0ElMkYlMkZlbWJlZG1hcHMuY29tJTJGZ29vZ2xlLW1hcHMtYXV0aG9yaXphdGlvbiUyRnNjcmlwdC5qcyUzRmlkJTNENmIwMWI3NTM3MTJlZTcyODE0ZTI1ODQ4MWZiODA2NjZiYWU4ZjY5NSUyNyUzRSUzQyUyRnNjcmlwdCUzRSUwQSUzQyUyRmRpdiUzRQ==[\/vc_raw_html][\/vc_column_inner][\/vc_row_inner][\/vc_column][\/vc_row]<\/p>\n","protected":false},"excerpt":{"rendered":"<p>[vc_row][vc_column][vc_row_inner type=\u00a0\u00bbboxed\u00a0\u00bb css=\u00a0\u00bb.vc_custom_1650874766853{border-top-width: 60px !important;}\u00a0\u00bb][vc_column_inner][vc_custom_heading text=\u00a0\u00bbFaisons connaissance\u00a0\u00bb font_container=\u00a0\u00bbtag:h1|font_size:30px|text_align:left\u00a0\u00bb][\/vc_column_inner][\/vc_row_inner][\/vc_column][\/vc_row][vc_row el_class=\u00a0\u00bbcustomContactPage__content\u00a0\u00bb css=\u00a0\u00bb.vc_custom_1650874537638{padding-top: 60px !important;padding-bottom: 60px !important;}\u00a0\u00bb][vc_column][vc_row_inner type=\u00a0\u00bbboxed\u00a0\u00bb el_class=\u00a0\u00bbcustomContactPage__content__innerRow\u00a0\u00bb][vc_column_inner el_class=\u00a0\u00bbcustomContactPage__content__details\u00a0\u00bb width=\u00a0\u00bb1\/3&Prime;][vc_column_text] Information pour contact [\/vc_column_text][vc_column_text]T\u00e9l.: +41787314156 Email: contact@exim-global.ch Address: Winterthurerstrasse 30 8006 Zurich Switzerland[\/vc_column_text][\/vc_column_inner][vc_column_inner el_class=\u00a0\u00bbcustomContactPage__content__form\u00a0\u00bb width=\u00a0\u00bb2\/3&Prime;][vc_column_text] Formulaire de contact [\/vc_column_text][\/vc_column_inner][\/vc_row_inner][\/vc_column][\/vc_row][vc_row el_class=\u00a0\u00bbcustomContactPage__map\u00a0\u00bb css=\u00a0\u00bb.vc_custom_1650973647117{padding-top: 0px !important;padding-bottom: 60px !important;}\u00a0\u00bb][vc_column][vc_row_inner][vc_column_inner][vc_raw_html]JTNDZGl2JTIwY2xhc3MlM0QlMjJjdXN0b21Db250YWN0UGFnZV9fbWFwRnJhbWUlMjIlM0UlMEElM0NpZnJhbWUlMjB3aWR0aCUzRCUyMjUyMCUyMiUyMGhlaWdodCUzRCUyMjQwMCUyMiUyMGZyYW1lYm9yZGVyJTNEJTIyMCUyMiUyMHNjcm9sbGluZyUzRCUyMm5vJTIyJTIwbWFyZ2luaGVpZ2h0JTNEJTIyMCUyMiUyMG1hcmdpbndpZHRoJTNEJTIyMCUyMiUyMGlkJTNEJTIyZ21hcF9jYW52YXMlMjIlMjBzcmMlM0QlMjJodHRwcyUzQSUyRiUyRm1hcHMuZ29vZ2xlLmNvbSUyRm1hcHMlM0Z3aWR0aCUzRDUyMCUyNmFtcCUzQmhlaWdodCUzRDQwMCUyNmFtcCUzQmhsJTNEZW4lMjZhbXAlM0JxJTNEV2ludGVydGh1cmVyc3RyYXNzZSUyNTIwMzAlMjUyMFp1cmljaCUyQiUyOFdpbnRlcnRodXJlcnN0cmFzc2UlMjUyMDMwJTI5JTI2YW1wJTNCdCUzRCUyNmFtcCUzQnolM0QxMiUyNmFtcCUzQmllJTNEVVRGOCUyNmFtcCUzQml3bG9jJTNEQiUyNmFtcCUzQm91dHB1dCUzRGVtYmVkJTIyJTNFJTNDJTJGaWZyYW1lJTNFJTIwJTNDYSUyMGhyZWYlM0QlMjdodHRwcyUzQSUyRiUyRmFkZC1tYXAuY29tJTJGJTI3JTNFZW1iZWQlMjBnb29nbGUlMjBtYXAlMjBpbiUyMHdlYnNpdGUlM0MlMkZhJTNFJTIwJTNDc2NyaXB0JTIwdHlwZSUzRCUyN3RleHQlMkZqYXZhc2NyaXB0JTI3JTIwc3JjJTNEJTI3aHR0cHMlM0ElMkYlMkZlbWJlZG1hcHMuY29tJTJGZ29vZ2xlLW1hcHMtYXV0aG9yaXphdGlvbiUyRnNjcmlwdC5qcyUzRmlkJTNENmIwMWI3NTM3MTJlZTcyODE0ZTI1ODQ4MWZiODA2NjZiYWU4ZjY5NSUyNyUzRSUzQyUyRnNjcmlwdCUzRSUwQSUzQyUyRmRpdiUzRQ==[\/vc_raw_html][\/vc_column_inner][\/vc_row_inner][\/vc_column][\/vc_row]<\/p>\n","protected":false},"author":1,"featured_media":0,"parent":0,"menu_order":0,"comment_status":"closed","ping_status":"closed","template":"","meta":{"_acf_changed":false,"_monsterinsights_skip_tracking":false,"_monsterinsights_sitenote_active":false,"_monsterinsights_sitenote_note":"","_monsterinsights_sitenote_category":0,"_joinchat":[],"footnotes":""},"acf":[],"yoast_head":"<!-- This site is optimized with the Yoast SEO plugin v23.0 - https:\/\/yoast.com\/wordpress\/plugins\/seo\/ -->\n<title>Contactez-nous EXIM Global, Qualit\u00e9 et Equit\u00e9<\/title>\n<meta name=\"robots\" content=\"index, follow, max-snippet:-1, max-image-preview:large, max-video-preview:-1\" \/>\n<link rel=\"canonical\" href=\"https:\/\/exim-global.ch\/fr\/contactez-nous\/\" \/>\n<meta property=\"og:locale\" content=\"fr_FR\" \/>\n<meta property=\"og:type\" content=\"article\" \/>\n<meta property=\"og:title\" content=\"Contactez-nous EXIM Global, Qualit\u00e9 et Equit\u00e9\" \/>\n<meta property=\"og:description\" content=\"[vc_row][vc_column][vc_row_inner type=\u00a0\u00bbboxed\u00a0\u00bb css=\u00a0\u00bb.vc_custom_1650874766853{border-top-width: 60px !important;}\u00a0\u00bb][vc_column_inner][vc_custom_heading text=\u00a0\u00bbFaisons connaissance\u00a0\u00bb font_container=\u00a0\u00bbtag:h1|font_size:30px|text_align:left\u00a0\u00bb][\/vc_column_inner][\/vc_row_inner][\/vc_column][\/vc_row][vc_row el_class=\u00a0\u00bbcustomContactPage__content\u00a0\u00bb css=\u00a0\u00bb.vc_custom_1650874537638{padding-top: 60px !important;padding-bottom: 60px !important;}\u00a0\u00bb][vc_column][vc_row_inner type=\u00a0\u00bbboxed\u00a0\u00bb el_class=\u00a0\u00bbcustomContactPage__content__innerRow\u00a0\u00bb][vc_column_inner el_class=\u00a0\u00bbcustomContactPage__content__details\u00a0\u00bb width=\u00a0\u00bb1\/3&Prime;][vc_column_text] Information pour contact [\/vc_column_text][vc_column_text]T\u00e9l.: +41787314156 Email: contact@exim-global.ch Address: Winterthurerstrasse 30 8006 Zurich Switzerland[\/vc_column_text][\/vc_column_inner][vc_column_inner el_class=\u00a0\u00bbcustomContactPage__content__form\u00a0\u00bb width=\u00a0\u00bb2\/3&Prime;][vc_column_text] Formulaire de contact [\/vc_column_text][\/vc_column_inner][\/vc_row_inner][\/vc_column][\/vc_row][vc_row el_class=\u00a0\u00bbcustomContactPage__map\u00a0\u00bb css=\u00a0\u00bb.vc_custom_1650973647117{padding-top: 0px !important;padding-bottom: 60px !important;}\u00a0\u00bb][vc_column][vc_row_inner][vc_column_inner][vc_raw_html]JTNDZGl2JTIwY2xhc3MlM0QlMjJjdXN0b21Db250YWN0UGFnZV9fbWFwRnJhbWUlMjIlM0UlMEElM0NpZnJhbWUlMjB3aWR0aCUzRCUyMjUyMCUyMiUyMGhlaWdodCUzRCUyMjQwMCUyMiUyMGZyYW1lYm9yZGVyJTNEJTIyMCUyMiUyMHNjcm9sbGluZyUzRCUyMm5vJTIyJTIwbWFyZ2luaGVpZ2h0JTNEJTIyMCUyMiUyMG1hcmdpbndpZHRoJTNEJTIyMCUyMiUyMGlkJTNEJTIyZ21hcF9jYW52YXMlMjIlMjBzcmMlM0QlMjJodHRwcyUzQSUyRiUyRm1hcHMuZ29vZ2xlLmNvbSUyRm1hcHMlM0Z3aWR0aCUzRDUyMCUyNmFtcCUzQmhlaWdodCUzRDQwMCUyNmFtcCUzQmhsJTNEZW4lMjZhbXAlM0JxJTNEV2ludGVydGh1cmVyc3RyYXNzZSUyNTIwMzAlMjUyMFp1cmljaCUyQiUyOFdpbnRlcnRodXJlcnN0cmFzc2UlMjUyMDMwJTI5JTI2YW1wJTNCdCUzRCUyNmFtcCUzQnolM0QxMiUyNmFtcCUzQmllJTNEVVRGOCUyNmFtcCUzQml3bG9jJTNEQiUyNmFtcCUzQm91dHB1dCUzRGVtYmVkJTIyJTNFJTNDJTJGaWZyYW1lJTNFJTIwJTNDYSUyMGhyZWYlM0QlMjdodHRwcyUzQSUyRiUyRmFkZC1tYXAuY29tJTJGJTI3JTNFZW1iZWQlMjBnb29nbGUlMjBtYXAlMjBpbiUyMHdlYnNpdGUlM0MlMkZhJTNFJTIwJTNDc2NyaXB0JTIwdHlwZSUzRCUyN3RleHQlMkZqYXZhc2NyaXB0JTI3JTIwc3JjJTNEJTI3aHR0cHMlM0ElMkYlMkZlbWJlZG1hcHMuY29tJTJGZ29vZ2xlLW1hcHMtYXV0aG9yaXphdGlvbiUyRnNjcmlwdC5qcyUzRmlkJTNENmIwMWI3NTM3MTJlZTcyODE0ZTI1ODQ4MWZiODA2NjZiYWU4ZjY5NSUyNyUzRSUzQyUyRnNjcmlwdCUzRSUwQSUzQyUyRmRpdiUzRQ==[\/vc_raw_html][\/vc_column_inner][\/vc_row_inner][\/vc_column][\/vc_row]\" \/>\n<meta property=\"og:url\" content=\"https:\/\/exim-global.ch\/fr\/contactez-nous\/\" \/>\n<meta property=\"og:site_name\" content=\"EXIM Global, Qualit\u00e9 et Equit\u00e9\" \/>\n<meta property=\"article:modified_time\" content=\"2022-04-27T13:18:10+00:00\" \/>\n<meta name=\"twitter:card\" content=\"summary_large_image\" \/>\n<meta name=\"twitter:label1\" content=\"Dur\u00e9e de lecture estim\u00e9e\" \/>\n\t<meta name=\"twitter:data1\" content=\"1 minute\" \/>\n<script type=\"application\/ld+json\" class=\"yoast-schema-graph\">{\"@context\":\"https:\/\/schema.org\",\"@graph\":[{\"@type\":\"WebPage\",\"@id\":\"https:\/\/exim-global.ch\/fr\/contactez-nous\/\",\"url\":\"https:\/\/exim-global.ch\/fr\/contactez-nous\/\",\"name\":\"Contactez-nous EXIM Global, Qualit\u00e9 et Equit\u00e9\",\"isPartOf\":{\"@id\":\"https:\/\/exim-global.ch\/#website\"},\"datePublished\":\"2020-09-03T11:25:32+00:00\",\"dateModified\":\"2022-04-27T13:18:10+00:00\",\"inLanguage\":\"fr-FR\",\"potentialAction\":[{\"@type\":\"ReadAction\",\"target\":[\"https:\/\/exim-global.ch\/fr\/contactez-nous\/\"]}]},{\"@type\":\"WebSite\",\"@id\":\"https:\/\/exim-global.ch\/#website\",\"url\":\"https:\/\/exim-global.ch\/\",\"name\":\"EXIM Global, Qualit\u00e9 et Equit\u00e9\",\"description\":\"\",\"potentialAction\":[{\"@type\":\"SearchAction\",\"target\":{\"@type\":\"EntryPoint\",\"urlTemplate\":\"https:\/\/exim-global.ch\/?s={search_term_string}\"},\"query-input\":\"required name=search_term_string\"}],\"inLanguage\":\"fr-FR\"}]}<\/script>\n<!-- \/ Yoast SEO plugin. -->","yoast_head_json":{"title":"Contactez-nous EXIM Global, Qualit\u00e9 et Equit\u00e9","robots":{"index":"index","follow":"follow","max-snippet":"max-snippet:-1","max-image-preview":"max-image-preview:large","max-video-preview":"max-video-preview:-1"},"canonical":"https:\/\/exim-global.ch\/fr\/contactez-nous\/","og_locale":"fr_FR","og_type":"article","og_title":"Contactez-nous EXIM Global, Qualit\u00e9 et Equit\u00e9","og_description":"[vc_row][vc_column][vc_row_inner type=\u00a0\u00bbboxed\u00a0\u00bb css=\u00a0\u00bb.vc_custom_1650874766853{border-top-width: 60px !important;}\u00a0\u00bb][vc_column_inner][vc_custom_heading text=\u00a0\u00bbFaisons connaissance\u00a0\u00bb font_container=\u00a0\u00bbtag:h1|font_size:30px|text_align:left\u00a0\u00bb][\/vc_column_inner][\/vc_row_inner][\/vc_column][\/vc_row][vc_row el_class=\u00a0\u00bbcustomContactPage__content\u00a0\u00bb css=\u00a0\u00bb.vc_custom_1650874537638{padding-top: 60px !important;padding-bottom: 60px !important;}\u00a0\u00bb][vc_column][vc_row_inner type=\u00a0\u00bbboxed\u00a0\u00bb el_class=\u00a0\u00bbcustomContactPage__content__innerRow\u00a0\u00bb][vc_column_inner el_class=\u00a0\u00bbcustomContactPage__content__details\u00a0\u00bb width=\u00a0\u00bb1\/3&Prime;][vc_column_text] Information pour contact [\/vc_column_text][vc_column_text]T\u00e9l.: +41787314156 Email: contact@exim-global.ch Address: Winterthurerstrasse 30 8006 Zurich Switzerland[\/vc_column_text][\/vc_column_inner][vc_column_inner el_class=\u00a0\u00bbcustomContactPage__content__form\u00a0\u00bb width=\u00a0\u00bb2\/3&Prime;][vc_column_text] Formulaire de contact [\/vc_column_text][\/vc_column_inner][\/vc_row_inner][\/vc_column][\/vc_row][vc_row el_class=\u00a0\u00bbcustomContactPage__map\u00a0\u00bb css=\u00a0\u00bb.vc_custom_1650973647117{padding-top: 0px !important;padding-bottom: 60px !important;}\u00a0\u00bb][vc_column][vc_row_inner][vc_column_inner][vc_raw_html]JTNDZGl2JTIwY2xhc3MlM0QlMjJjdXN0b21Db250YWN0UGFnZV9fbWFwRnJhbWUlMjIlM0UlMEElM0NpZnJhbWUlMjB3aWR0aCUzRCUyMjUyMCUyMiUyMGhlaWdodCUzRCUyMjQwMCUyMiUyMGZyYW1lYm9yZGVyJTNEJTIyMCUyMiUyMHNjcm9sbGluZyUzRCUyMm5vJTIyJTIwbWFyZ2luaGVpZ2h0JTNEJTIyMCUyMiUyMG1hcmdpbndpZHRoJTNEJTIyMCUyMiUyMGlkJTNEJTIyZ21hcF9jYW52YXMlMjIlMjBzcmMlM0QlMjJodHRwcyUzQSUyRiUyRm1hcHMuZ29vZ2xlLmNvbSUyRm1hcHMlM0Z3aWR0aCUzRDUyMCUyNmFtcCUzQmhlaWdodCUzRDQwMCUyNmFtcCUzQmhsJTNEZW4lMjZhbXAlM0JxJTNEV2ludGVydGh1cmVyc3RyYXNzZSUyNTIwMzAlMjUyMFp1cmljaCUyQiUyOFdpbnRlcnRodXJlcnN0cmFzc2UlMjUyMDMwJTI5JTI2YW1wJTNCdCUzRCUyNmFtcCUzQnolM0QxMiUyNmFtcCUzQmllJTNEVVRGOCUyNmFtcCUzQml3bG9jJTNEQiUyNmFtcCUzQm91dHB1dCUzRGVtYmVkJTIyJTNFJTNDJTJGaWZyYW1lJTNFJTIwJTNDYSUyMGhyZWYlM0QlMjdodHRwcyUzQSUyRiUyRmFkZC1tYXAuY29tJTJGJTI3JTNFZW1iZWQlMjBnb29nbGUlMjBtYXAlMjBpbiUyMHdlYnNpdGUlM0MlMkZhJTNFJTIwJTNDc2NyaXB0JTIwdHlwZSUzRCUyN3RleHQlMkZqYXZhc2NyaXB0JTI3JTIwc3JjJTNEJTI3aHR0cHMlM0ElMkYlMkZlbWJlZG1hcHMuY29tJTJGZ29vZ2xlLW1hcHMtYXV0aG9yaXphdGlvbiUyRnNjcmlwdC5qcyUzRmlkJTNENmIwMWI3NTM3MTJlZTcyODE0ZTI1ODQ4MWZiODA2NjZiYWU4ZjY5NSUyNyUzRSUzQyUyRnNjcmlwdCUzRSUwQSUzQyUyRmRpdiUzRQ==[\/vc_raw_html][\/vc_column_inner][\/vc_row_inner][\/vc_column][\/vc_row]","og_url":"https:\/\/exim-global.ch\/fr\/contactez-nous\/","og_site_name":"EXIM Global, Qualit\u00e9 et Equit\u00e9","article_modified_time":"2022-04-27T13:18:10+00:00","twitter_card":"summary_large_image","twitter_misc":{"Dur\u00e9e de lecture estim\u00e9e":"1 minute"},"schema":{"@context":"https:\/\/schema.org","@graph":[{"@type":"WebPage","@id":"https:\/\/exim-global.ch\/fr\/contactez-nous\/","url":"https:\/\/exim-global.ch\/fr\/contactez-nous\/","name":"Contactez-nous EXIM Global, Qualit\u00e9 et Equit\u00e9","isPartOf":{"@id":"https:\/\/exim-global.ch\/#website"},"datePublished":"2020-09-03T11:25:32+00:00","dateModified":"2022-04-27T13:18:10+00:00","inLanguage":"fr-FR","potentialAction":[{"@type":"ReadAction","target":["https:\/\/exim-global.ch\/fr\/contactez-nous\/"]}]},{"@type":"WebSite","@id":"https:\/\/exim-global.ch\/#website","url":"https:\/\/exim-global.ch\/","name":"EXIM Global, Qualit\u00e9 et Equit\u00e9","description":"","potentialAction":[{"@type":"SearchAction","target":{"@type":"EntryPoint","urlTemplate":"https:\/\/exim-global.ch\/?s={search_term_string}"},"query-input":"required name=search_term_string"}],"inLanguage":"fr-FR"}]}},"_links":{"self":[{"href":"https:\/\/exim-global.ch\/fr\/wp-json\/wp\/v2\/pages\/501"}],"collection":[{"href":"https:\/\/exim-global.ch\/fr\/wp-json\/wp\/v2\/pages"}],"about":[{"href":"https:\/\/exim-global.ch\/fr\/wp-json\/wp\/v2\/types\/page"}],"author":[{"embeddable":true,"href":"https:\/\/exim-global.ch\/fr\/wp-json\/wp\/v2\/users\/1"}],"replies":[{"embeddable":true,"href":"https:\/\/exim-global.ch\/fr\/wp-json\/wp\/v2\/comments?post=501"}],"version-history":[{"count":2,"href":"https:\/\/exim-global.ch\/fr\/wp-json\/wp\/v2\/pages\/501\/revisions"}],"predecessor-version":[{"id":1442,"href":"https:\/\/exim-global.ch\/fr\/wp-json\/wp\/v2\/pages\/501\/revisions\/1442"}],"wp:attachment":[{"href":"https:\/\/exim-global.ch\/fr\/wp-json\/wp\/v2\/media?parent=501"}],"curies":[{"name":"wp","href":"https:\/\/api.w.org\/{rel}","templated":true}]}}