{"id":348,"date":"2021-02-01T21:07:38","date_gmt":"2021-02-01T21:07:38","guid":{"rendered":"https:\/\/exim-global.ch\/?post_type=product&#038;p=348"},"modified":"2024-07-10T11:28:12","modified_gmt":"2024-07-10T11:28:12","slug":"poivre-noir","status":"publish","type":"product","link":"https:\/\/exim-global.ch\/fr\/product\/poivre-noir\/","title":{"rendered":"Penja poivre noir"},"content":{"rendered":"<p>[vc_row full_width=\u00a0\u00bb\u00a0\u00bb css=\u00a0\u00bb.vc_custom_1600443352628{padding-bottom: 40px !important;}\u00a0\u00bb][vc_column width=\u00a0\u00bb1\/4&Prime;][\/vc_column][vc_column width=\u00a0\u00bb1\/2&Prime;][vc_custom_heading text=\u00a0\u00bbEnvironnement de culture et r\u00e9colte\u00a0\u00bb font_container=\u00a0\u00bbtag:h2|text_align:center\u00a0\u00bb][vc_empty_space height=\u00a0\u00bb15px\u00a0\u00bb][vc_column_text css_animation=\u00a0\u00bb\u00a0\u00bb]Cultiv\u00e9 principalement dans la commune de Penja (r\u00e9gion du Littoral) au Cameroun, sur un <strong>terroir volcanique naturellement riche et \u00e9quilibr\u00e9<\/strong>, le <strong>poivre de Penja<\/strong> se distingue par son caract\u00e8re et sa saveur vraiment exceptionnels. R\u00e9colt\u00e9es de fa\u00e7on traditionnelle (manuellement), les m\u00e9thodes de nettoyage, s\u00e9chage\u00a0et triage sont rest\u00e9es inchang\u00e9es depuis des g\u00e9n\u00e9rations.[\/vc_column_text][\/vc_column][vc_column width=\u00a0\u00bb1\/4&Prime;][\/vc_column][\/vc_row][vc_row full_width=\u00a0\u00bb\u00a0\u00bb css=\u00a0\u00bb.vc_custom_1600443361677{padding-top: 40px !important;padding-bottom: 40px !important;}\u00a0\u00bb][vc_column width=\u00a0\u00bb1\/2&Prime;][vc_custom_heading text=\u00a0\u00bbTra\u00e7abilit\u00e9 du poivre noir\u00a0\u00bb font_container=\u00a0\u00bbtag:h3|text_align:left\u00a0\u00bb][vc_empty_space height=\u00a0\u00bb15px\u00a0\u00bb][vc_column_text css_animation=\u00a0\u00bb\u00a0\u00bb]Le poivre de Penja est le premier produit en Afrique Subsaharienne, \u00e0 b\u00e9n\u00e9ficier d\u2019une <strong>indication g\u00e9ographique prot\u00e9g\u00e9e (IGP)<\/strong>. C\u2019est-\u00e0-dire des produits dont la typicit\u00e9 a un lien avec le terroir. L\u2019IGP contribue ainsi au d\u00e9veloppement local et particuli\u00e8rement dans des zones difficiles et d\u00e9favoris\u00e9es.<\/p>\n<p>La d\u00e9limitation de l\u2019aire g\u00e9ographique de production qui couvre<strong> six arrondissements<\/strong> (Mbanga, Mombo, Njomb\u00e9penja, Loum, Manjo, dans le d\u00e9partement du Moungo (r\u00e9gion du Littoral) et Tombel dans le d\u00e9partement du Koup\u00e9-Man\u00e9gouba (r\u00e9gion du Sud-ouest). Cet espace couvre environ 3 000 km2.<\/p>\n<p><strong>EXIM Global travaille en \u00e9troite collaboration avec le GROUPEMENT DES PRODUCTEURS DE POIVRE DE PENJA<\/strong>. &#8211; Cette association regroupe en son sein, tous les op\u00e9rateurs de la fili\u00e8re, \u00e0 savoir : *Les p\u00e9pini\u00e9ristes. *Les producteurs *Les distributeurs.<\/p>\n<p>L\u2019association, compos\u00e9 de 300 cultivateurs, travaille sur plus de 500 hectares pour plus de 300 tonnes de poivres lab\u00e9lis\u00e9s produits.[\/vc_column_text][vc_empty_space height=\u00a0\u00bb15px\u00a0\u00bb][vc_custom_heading text=\u00a0\u00bbAnalyse microbiologique\u00a0\u00bb font_container=\u00a0\u00bbtag:h3|text_align:left\u00a0\u00bb][vc_empty_space height=\u00a0\u00bb15px\u00a0\u00bb][vc_column_text css_animation=\u00a0\u00bb\u00a0\u00bb]Disponible sous demande[\/vc_column_text][vc_empty_space height=\u00a0\u00bb15px\u00a0\u00bb][vc_column_text]<a href=\"https:\/\/exim-global.ch\/wp-content\/uploads\/2023\/06\/M-20-27927_Beta_.pdf\">Rapport<\/a>[\/vc_column_text][\/vc_column][vc_column width=\u00a0\u00bb1\/2&Prime;][vc_custom_heading text=\u00a0\u00bbEtape de production du poivre: de la bouture \u00e0 la graine\u00a0\u00bb][vc_empty_space height=\u00a0\u00bb15px\u00a0\u00bb][vc_row_inner][vc_column_inner width=\u00a0\u00bb1\/3&Prime;][vc_single_image image=\u00a0\u00bb338&Prime; onclick=\u00a0\u00bbimg_link_large\u00a0\u00bb img_link_target=\u00a0\u00bb_blank\u00a0\u00bb][\/vc_column_inner][vc_column_inner width=\u00a0\u00bb1\/3&Prime;][vc_single_image image=\u00a0\u00bb339&Prime; onclick=\u00a0\u00bbimg_link_large\u00a0\u00bb img_link_target=\u00a0\u00bb_blank\u00a0\u00bb][\/vc_column_inner][vc_column_inner width=\u00a0\u00bb1\/3&Prime;][vc_single_image image=\u00a0\u00bb331&Prime; onclick=\u00a0\u00bbimg_link_large\u00a0\u00bb img_link_target=\u00a0\u00bb_blank\u00a0\u00bb][\/vc_column_inner][\/vc_row_inner][vc_row_inner][vc_column_inner width=\u00a0\u00bb1\/3&Prime;][vc_single_image image=\u00a0\u00bb332&Prime; onclick=\u00a0\u00bbimg_link_large\u00a0\u00bb img_link_target=\u00a0\u00bb_blank\u00a0\u00bb][\/vc_column_inner][vc_column_inner width=\u00a0\u00bb1\/3&Prime;][vc_single_image image=\u00a0\u00bb330&Prime; onclick=\u00a0\u00bbimg_link_large\u00a0\u00bb img_link_target=\u00a0\u00bb_blank\u00a0\u00bb][\/vc_column_inner][vc_column_inner width=\u00a0\u00bb1\/3&Prime;][vc_single_image image=\u00a0\u00bb341&Prime; onclick=\u00a0\u00bbimg_link_large\u00a0\u00bb img_link_target=\u00a0\u00bb_blank\u00a0\u00bb][\/vc_column_inner][\/vc_row_inner][vc_row_inner][vc_column_inner width=\u00a0\u00bb1\/3&Prime;][vc_single_image image=\u00a0\u00bb342&Prime; onclick=\u00a0\u00bbimg_link_large\u00a0\u00bb img_link_target=\u00a0\u00bb_blank\u00a0\u00bb][\/vc_column_inner][vc_column_inner width=\u00a0\u00bb1\/3&Prime;][vc_single_image image=\u00a0\u00bb345&Prime; onclick=\u00a0\u00bbimg_link_large\u00a0\u00bb img_link_target=\u00a0\u00bb_blank\u00a0\u00bb][\/vc_column_inner][vc_column_inner width=\u00a0\u00bb1\/3&Prime;][vc_single_image image=\u00a0\u00bb684&Prime; onclick=\u00a0\u00bbimg_link_large\u00a0\u00bb img_link_target=\u00a0\u00bb_blank\u00a0\u00bb][\/vc_column_inner][\/vc_row_inner][\/vc_column][vc_column][\/vc_column][\/vc_row]<\/p>\n","protected":false},"excerpt":{"rendered":"<p>Taille des grains: en <strong>millim\u00e8tre<\/strong><\/p>\n<p>Quantit\u00e9: sac kraft de 1 <strong>kilogramme<\/strong><\/p>\n<p>R\u00e9colte: 2022<\/p>\n<p>Le poivre noir est fabriqu\u00e9 \u00e0 partir de drupes non m\u00fbres. Cueilli et s\u00e9ch\u00e9 au soleil pendant quelques jours, le poivre vert laisse s\u2019\u00e9vaporer lentement l\u2019eau contenue dans les grains. Cette \u00e9tape de s\u00e9chage permet de d\u00e9pigmenter et noircir le <strong>poivre vert<\/strong>, tout en laissant apparaitre des rides. Cette \u00e9tape lui procure un <strong>go\u00fbt cors\u00e9 et piquant<\/strong>.<\/p>\n","protected":false},"featured_media":114,"comment_status":"open","ping_status":"closed","template":"","meta":{"_acf_changed":false,"_monsterinsights_skip_tracking":false,"_monsterinsights_sitenote_active":false,"_monsterinsights_sitenote_note":"","_monsterinsights_sitenote_category":0,"_joinchat":[]},"product_cat":[19],"product_tag":[],"acf":[],"yoast_head":"<!-- This site is optimized with the Yoast SEO plugin v23.0 - https:\/\/yoast.com\/wordpress\/plugins\/seo\/ -->\n<title>Penja poivre noir - EXIM Global, Qualit\u00e9 et Equit\u00e9<\/title>\n<meta name=\"robots\" content=\"index, follow, max-snippet:-1, max-image-preview:large, max-video-preview:-1\" \/>\n<link rel=\"canonical\" href=\"https:\/\/exim-global.ch\/fr\/produit\/poivre-noir\/\" \/>\n<meta property=\"og:locale\" content=\"fr_FR\" \/>\n<meta property=\"og:type\" content=\"article\" \/>\n<meta property=\"og:title\" content=\"Penja poivre noir - EXIM Global, Qualit\u00e9 et Equit\u00e9\" \/>\n<meta property=\"og:description\" content=\"Taille des grains: en millim\u00e8tre  Quantit\u00e9: sac kraft de 1 kilogramme  R\u00e9colte: 2022  Le poivre noir est fabriqu\u00e9 \u00e0 partir de drupes non m\u00fbres. Cueilli et s\u00e9ch\u00e9 au soleil pendant quelques jours, le poivre vert laisse s\u2019\u00e9vaporer lentement l\u2019eau contenue dans les grains. Cette \u00e9tape de s\u00e9chage permet de d\u00e9pigmenter et noircir le poivre vert, tout en laissant apparaitre des rides. Cette \u00e9tape lui procure un go\u00fbt cors\u00e9 et piquant.\" \/>\n<meta property=\"og:url\" content=\"https:\/\/exim-global.ch\/fr\/produit\/poivre-noir\/\" \/>\n<meta property=\"og:site_name\" content=\"EXIM Global, Qualit\u00e9 et Equit\u00e9\" \/>\n<meta property=\"article:modified_time\" content=\"2024-07-10T11:28:12+00:00\" \/>\n<meta property=\"og:image\" content=\"https:\/\/exim-global.ch\/wp-content\/uploads\/2020\/09\/penjapepper-black-front.jpg\" \/>\n\t<meta property=\"og:image:width\" content=\"1500\" \/>\n\t<meta property=\"og:image:height\" content=\"1500\" \/>\n\t<meta property=\"og:image:type\" content=\"image\/jpeg\" \/>\n<meta name=\"twitter:card\" content=\"summary_large_image\" \/>\n<meta name=\"twitter:label1\" content=\"Dur\u00e9e de lecture estim\u00e9e\" \/>\n\t<meta name=\"twitter:data1\" content=\"2 minutes\" \/>\n<script type=\"application\/ld+json\" class=\"yoast-schema-graph\">{\"@context\":\"https:\/\/schema.org\",\"@graph\":[{\"@type\":\"WebPage\",\"@id\":\"https:\/\/exim-global.ch\/fr\/produit\/poivre-noir\/\",\"url\":\"https:\/\/exim-global.ch\/fr\/produit\/poivre-noir\/\",\"name\":\"Penja poivre noir - EXIM Global, Qualit\u00e9 et Equit\u00e9\",\"isPartOf\":{\"@id\":\"https:\/\/exim-global.ch\/#website\"},\"primaryImageOfPage\":{\"@id\":\"https:\/\/exim-global.ch\/fr\/produit\/poivre-noir\/#primaryimage\"},\"image\":{\"@id\":\"https:\/\/exim-global.ch\/fr\/produit\/poivre-noir\/#primaryimage\"},\"thumbnailUrl\":\"https:\/\/exim-global.ch\/wp-content\/uploads\/2020\/09\/penjapepper-black-front.jpg\",\"datePublished\":\"2021-02-01T21:07:38+00:00\",\"dateModified\":\"2024-07-10T11:28:12+00:00\",\"breadcrumb\":{\"@id\":\"https:\/\/exim-global.ch\/fr\/produit\/poivre-noir\/#breadcrumb\"},\"inLanguage\":\"fr-FR\",\"potentialAction\":[{\"@type\":\"ReadAction\",\"target\":[\"https:\/\/exim-global.ch\/fr\/produit\/poivre-noir\/\"]}]},{\"@type\":\"ImageObject\",\"inLanguage\":\"fr-FR\",\"@id\":\"https:\/\/exim-global.ch\/fr\/produit\/poivre-noir\/#primaryimage\",\"url\":\"https:\/\/exim-global.ch\/wp-content\/uploads\/2020\/09\/penjapepper-black-front.jpg\",\"contentUrl\":\"https:\/\/exim-global.ch\/wp-content\/uploads\/2020\/09\/penjapepper-black-front.jpg\",\"width\":1500,\"height\":1500},{\"@type\":\"BreadcrumbList\",\"@id\":\"https:\/\/exim-global.ch\/fr\/produit\/poivre-noir\/#breadcrumb\",\"itemListElement\":[{\"@type\":\"ListItem\",\"position\":1,\"name\":\"Shop\",\"item\":\"https:\/\/exim-global.ch\/la-boutique\/\"},{\"@type\":\"ListItem\",\"position\":2,\"name\":\"Penja poivre noir\"}]},{\"@type\":\"WebSite\",\"@id\":\"https:\/\/exim-global.ch\/#website\",\"url\":\"https:\/\/exim-global.ch\/\",\"name\":\"EXIM Global, Qualit\u00e9 et Equit\u00e9\",\"description\":\"\",\"potentialAction\":[{\"@type\":\"SearchAction\",\"target\":{\"@type\":\"EntryPoint\",\"urlTemplate\":\"https:\/\/exim-global.ch\/?s={search_term_string}\"},\"query-input\":\"required name=search_term_string\"}],\"inLanguage\":\"fr-FR\"}]}<\/script>\n<!-- \/ Yoast SEO plugin. -->","yoast_head_json":{"title":"Penja poivre noir - EXIM Global, Qualit\u00e9 et Equit\u00e9","robots":{"index":"index","follow":"follow","max-snippet":"max-snippet:-1","max-image-preview":"max-image-preview:large","max-video-preview":"max-video-preview:-1"},"canonical":"https:\/\/exim-global.ch\/fr\/produit\/poivre-noir\/","og_locale":"fr_FR","og_type":"article","og_title":"Penja poivre noir - EXIM Global, Qualit\u00e9 et Equit\u00e9","og_description":"Taille des grains: en millim\u00e8tre  Quantit\u00e9: sac kraft de 1 kilogramme  R\u00e9colte: 2022  Le poivre noir est fabriqu\u00e9 \u00e0 partir de drupes non m\u00fbres. Cueilli et s\u00e9ch\u00e9 au soleil pendant quelques jours, le poivre vert laisse s\u2019\u00e9vaporer lentement l\u2019eau contenue dans les grains. Cette \u00e9tape de s\u00e9chage permet de d\u00e9pigmenter et noircir le poivre vert, tout en laissant apparaitre des rides. Cette \u00e9tape lui procure un go\u00fbt cors\u00e9 et piquant.","og_url":"https:\/\/exim-global.ch\/fr\/produit\/poivre-noir\/","og_site_name":"EXIM Global, Qualit\u00e9 et Equit\u00e9","article_modified_time":"2024-07-10T11:28:12+00:00","og_image":[{"width":1500,"height":1500,"url":"https:\/\/exim-global.ch\/wp-content\/uploads\/2020\/09\/penjapepper-black-front.jpg","type":"image\/jpeg"}],"twitter_card":"summary_large_image","twitter_misc":{"Dur\u00e9e de lecture estim\u00e9e":"2 minutes"},"schema":{"@context":"https:\/\/schema.org","@graph":[{"@type":"WebPage","@id":"https:\/\/exim-global.ch\/fr\/produit\/poivre-noir\/","url":"https:\/\/exim-global.ch\/fr\/produit\/poivre-noir\/","name":"Penja poivre noir - EXIM Global, Qualit\u00e9 et Equit\u00e9","isPartOf":{"@id":"https:\/\/exim-global.ch\/#website"},"primaryImageOfPage":{"@id":"https:\/\/exim-global.ch\/fr\/produit\/poivre-noir\/#primaryimage"},"image":{"@id":"https:\/\/exim-global.ch\/fr\/produit\/poivre-noir\/#primaryimage"},"thumbnailUrl":"https:\/\/exim-global.ch\/wp-content\/uploads\/2020\/09\/penjapepper-black-front.jpg","datePublished":"2021-02-01T21:07:38+00:00","dateModified":"2024-07-10T11:28:12+00:00","breadcrumb":{"@id":"https:\/\/exim-global.ch\/fr\/produit\/poivre-noir\/#breadcrumb"},"inLanguage":"fr-FR","potentialAction":[{"@type":"ReadAction","target":["https:\/\/exim-global.ch\/fr\/produit\/poivre-noir\/"]}]},{"@type":"ImageObject","inLanguage":"fr-FR","@id":"https:\/\/exim-global.ch\/fr\/produit\/poivre-noir\/#primaryimage","url":"https:\/\/exim-global.ch\/wp-content\/uploads\/2020\/09\/penjapepper-black-front.jpg","contentUrl":"https:\/\/exim-global.ch\/wp-content\/uploads\/2020\/09\/penjapepper-black-front.jpg","width":1500,"height":1500},{"@type":"BreadcrumbList","@id":"https:\/\/exim-global.ch\/fr\/produit\/poivre-noir\/#breadcrumb","itemListElement":[{"@type":"ListItem","position":1,"name":"Shop","item":"https:\/\/exim-global.ch\/la-boutique\/"},{"@type":"ListItem","position":2,"name":"Penja poivre noir"}]},{"@type":"WebSite","@id":"https:\/\/exim-global.ch\/#website","url":"https:\/\/exim-global.ch\/","name":"EXIM Global, Qualit\u00e9 et Equit\u00e9","description":"","potentialAction":[{"@type":"SearchAction","target":{"@type":"EntryPoint","urlTemplate":"https:\/\/exim-global.ch\/?s={search_term_string}"},"query-input":"required name=search_term_string"}],"inLanguage":"fr-FR"}]}},"_links":{"self":[{"href":"https:\/\/exim-global.ch\/fr\/wp-json\/wp\/v2\/product\/348"}],"collection":[{"href":"https:\/\/exim-global.ch\/fr\/wp-json\/wp\/v2\/product"}],"about":[{"href":"https:\/\/exim-global.ch\/fr\/wp-json\/wp\/v2\/types\/product"}],"replies":[{"embeddable":true,"href":"https:\/\/exim-global.ch\/fr\/wp-json\/wp\/v2\/comments?post=348"}],"wp:featuredmedia":[{"embeddable":true,"href":"https:\/\/exim-global.ch\/fr\/wp-json\/wp\/v2\/media\/114"}],"wp:attachment":[{"href":"https:\/\/exim-global.ch\/fr\/wp-json\/wp\/v2\/media?parent=348"}],"wp:term":[{"taxonomy":"product_cat","embeddable":true,"href":"https:\/\/exim-global.ch\/fr\/wp-json\/wp\/v2\/product_cat?post=348"},{"taxonomy":"product_tag","embeddable":true,"href":"https:\/\/exim-global.ch\/fr\/wp-json\/wp\/v2\/product_tag?post=348"}],"curies":[{"name":"wp","href":"https:\/\/api.w.org\/{rel}","templated":true}]}}