{"id":84,"date":"2020-09-18T15:36:33","date_gmt":"2020-09-18T15:36:33","guid":{"rendered":"https:\/\/exim-global.ch\/?post_type=product&#038;p=84"},"modified":"2023-06-14T12:01:36","modified_gmt":"2023-06-14T12:01:36","slug":"fine-robusta-le-haut-nkam","status":"publish","type":"product","link":"https:\/\/exim-global.ch\/fr\/product\/fine-robusta-le-haut-nkam\/","title":{"rendered":"Fine Robusta &#8211; Le Haut-Nkam"},"content":{"rendered":"<p>[vc_row full_width=\u00a0\u00bb\u00a0\u00bb css=\u00a0\u00bb.vc_custom_1600443352628{padding-bottom: 40px !important;}\u00a0\u00bb][vc_column width=\u00a0\u00bb1\/4&Prime;][\/vc_column][vc_column width=\u00a0\u00bb1\/2&Prime;][vc_custom_heading text=\u00a0\u00bbEnvironnement de culture et r\u00e9colte\u00a0\u00bb font_container=\u00a0\u00bbtag:h2|text_align:center\u00a0\u00bb][vc_empty_space height=\u00a0\u00bb15px\u00a0\u00bb][vc_column_text css_animation=\u00a0\u00bb\u00a0\u00bb]<\/p>\n<p style=\"text-align: center;\">t.b.a<\/p>\n<p>[\/vc_column_text][\/vc_column][vc_column width=\u00a0\u00bb1\/4&Prime;][\/vc_column][\/vc_row][vc_row full_width=\u00a0\u00bb\u00a0\u00bb][vc_column][vc_separator color=\u00a0\u00bbgrey\u00a0\u00bb align=\u00a0\u00bbalign_center\u00a0\u00bb style=\u00a0\u00bbdashed\u00a0\u00bb el_width=\u00a0\u00bb\u00a0\u00bb][\/vc_column][\/vc_row][vc_row full_width=\u00a0\u00bb\u00a0\u00bb css=\u00a0\u00bb.vc_custom_1600443361677{padding-top: 40px !important;padding-bottom: 40px !important;}\u00a0\u00bb][vc_column width=\u00a0\u00bb1\/2&Prime;][vc_custom_heading text=\u00a0\u00bbTracabilit\u00e9\u00a0\u00bb font_container=\u00a0\u00bbtag:h3|text_align:left\u00a0\u00bb][vc_empty_space height=\u00a0\u00bb15px\u00a0\u00bb][vc_column_text css_animation=\u00a0\u00bb\u00a0\u00bb]t.b.a[\/vc_column_text][\/vc_column][vc_column width=\u00a0\u00bb1\/2&Prime;][vc_custom_heading text=\u00a0\u00bbAnalyse qualit\u00e9\u00a0\u00bb font_container=\u00a0\u00bbtag:h3|text_align:left\u00a0\u00bb][vc_empty_space height=\u00a0\u00bb15px\u00a0\u00bb][vc_column_text css_animation=\u00a0\u00bb\u00a0\u00bb]<a>N\/A<\/a>[\/vc_column_text][\/vc_column][\/vc_row]<\/p>\n","protected":false},"excerpt":{"rendered":"<p>Tailles des grains: Medium; Large; Very large<\/p>\n<p>Quantit\u00e9: sac de <strong>60<\/strong> <strong>kilogrammes<\/strong><\/p>\n<p>Prix \/kg: <strong>Medium<\/strong>: EUR 4.75; <strong>Large<\/strong>: EUR 5;\u00a0 <strong>Very large<\/strong>: EUR 5.5<\/p>\n<p>Sac: Jute + Grain pro ou Ecotact<\/p>\n<p>R\u00e9colte: 2021\/2022<\/p>\n","protected":false},"featured_media":111,"comment_status":"open","ping_status":"closed","template":"","meta":{"_acf_changed":false,"_monsterinsights_skip_tracking":false,"_monsterinsights_sitenote_active":false,"_monsterinsights_sitenote_note":"","_monsterinsights_sitenote_category":0,"_joinchat":[]},"product_cat":[70],"product_tag":[],"acf":[],"yoast_head":"<!-- This site is optimized with the Yoast SEO plugin v23.0 - https:\/\/yoast.com\/wordpress\/plugins\/seo\/ -->\n<title>Fine Robusta - Le Haut-Nkam - EXIM Global, Qualit\u00e9 et Equit\u00e9<\/title>\n<meta name=\"robots\" content=\"index, follow, max-snippet:-1, max-image-preview:large, max-video-preview:-1\" \/>\n<link rel=\"canonical\" href=\"https:\/\/exim-global.ch\/fr\/produit\/fine-robusta-le-haut-nkam\/\" \/>\n<meta property=\"og:locale\" content=\"fr_FR\" \/>\n<meta property=\"og:type\" content=\"article\" \/>\n<meta property=\"og:title\" content=\"Fine Robusta - Le Haut-Nkam - EXIM Global, Qualit\u00e9 et Equit\u00e9\" \/>\n<meta property=\"og:description\" content=\"Tailles des grains: Medium; Large; Very large  Quantit\u00e9: sac de 60 kilogrammes  Prix \/kg: Medium: EUR 4.75; Large: EUR 5;\u00a0 Very large: EUR 5.5  Sac: Jute + Grain pro ou Ecotact  R\u00e9colte: 2021\/2022\" \/>\n<meta property=\"og:url\" content=\"https:\/\/exim-global.ch\/fr\/produit\/fine-robusta-le-haut-nkam\/\" \/>\n<meta property=\"og:site_name\" content=\"EXIM Global, Qualit\u00e9 et Equit\u00e9\" \/>\n<meta property=\"article:modified_time\" content=\"2023-06-14T12:01:36+00:00\" \/>\n<meta property=\"og:image\" content=\"https:\/\/exim-global.ch\/wp-content\/uploads\/2020\/10\/exim_coffee_bag.jpg\" \/>\n\t<meta property=\"og:image:width\" content=\"600\" \/>\n\t<meta property=\"og:image:height\" content=\"485\" \/>\n\t<meta property=\"og:image:type\" content=\"image\/jpeg\" \/>\n<meta name=\"twitter:card\" content=\"summary_large_image\" \/>\n<meta name=\"twitter:label1\" content=\"Dur\u00e9e de lecture estim\u00e9e\" \/>\n\t<meta name=\"twitter:data1\" content=\"1 minute\" \/>\n<script type=\"application\/ld+json\" class=\"yoast-schema-graph\">{\"@context\":\"https:\/\/schema.org\",\"@graph\":[{\"@type\":\"WebPage\",\"@id\":\"https:\/\/exim-global.ch\/fr\/produit\/fine-robusta-le-haut-nkam\/\",\"url\":\"https:\/\/exim-global.ch\/fr\/produit\/fine-robusta-le-haut-nkam\/\",\"name\":\"Fine Robusta - Le Haut-Nkam - EXIM Global, Qualit\u00e9 et Equit\u00e9\",\"isPartOf\":{\"@id\":\"https:\/\/exim-global.ch\/#website\"},\"primaryImageOfPage\":{\"@id\":\"https:\/\/exim-global.ch\/fr\/produit\/fine-robusta-le-haut-nkam\/#primaryimage\"},\"image\":{\"@id\":\"https:\/\/exim-global.ch\/fr\/produit\/fine-robusta-le-haut-nkam\/#primaryimage\"},\"thumbnailUrl\":\"https:\/\/exim-global.ch\/wp-content\/uploads\/2020\/10\/exim_coffee_bag.jpg\",\"datePublished\":\"2020-09-18T15:36:33+00:00\",\"dateModified\":\"2023-06-14T12:01:36+00:00\",\"breadcrumb\":{\"@id\":\"https:\/\/exim-global.ch\/fr\/produit\/fine-robusta-le-haut-nkam\/#breadcrumb\"},\"inLanguage\":\"fr-FR\",\"potentialAction\":[{\"@type\":\"ReadAction\",\"target\":[\"https:\/\/exim-global.ch\/fr\/produit\/fine-robusta-le-haut-nkam\/\"]}]},{\"@type\":\"ImageObject\",\"inLanguage\":\"fr-FR\",\"@id\":\"https:\/\/exim-global.ch\/fr\/produit\/fine-robusta-le-haut-nkam\/#primaryimage\",\"url\":\"https:\/\/exim-global.ch\/wp-content\/uploads\/2020\/10\/exim_coffee_bag.jpg\",\"contentUrl\":\"https:\/\/exim-global.ch\/wp-content\/uploads\/2020\/10\/exim_coffee_bag.jpg\",\"width\":600,\"height\":485},{\"@type\":\"BreadcrumbList\",\"@id\":\"https:\/\/exim-global.ch\/fr\/produit\/fine-robusta-le-haut-nkam\/#breadcrumb\",\"itemListElement\":[{\"@type\":\"ListItem\",\"position\":1,\"name\":\"Shop\",\"item\":\"https:\/\/exim-global.ch\/la-boutique\/\"},{\"@type\":\"ListItem\",\"position\":2,\"name\":\"Fine Robusta &#8211; Le Haut-Nkam\"}]},{\"@type\":\"WebSite\",\"@id\":\"https:\/\/exim-global.ch\/#website\",\"url\":\"https:\/\/exim-global.ch\/\",\"name\":\"EXIM Global, Qualit\u00e9 et Equit\u00e9\",\"description\":\"\",\"potentialAction\":[{\"@type\":\"SearchAction\",\"target\":{\"@type\":\"EntryPoint\",\"urlTemplate\":\"https:\/\/exim-global.ch\/?s={search_term_string}\"},\"query-input\":\"required name=search_term_string\"}],\"inLanguage\":\"fr-FR\"}]}<\/script>\n<!-- \/ Yoast SEO plugin. -->","yoast_head_json":{"title":"Fine Robusta - Le Haut-Nkam - EXIM Global, Qualit\u00e9 et Equit\u00e9","robots":{"index":"index","follow":"follow","max-snippet":"max-snippet:-1","max-image-preview":"max-image-preview:large","max-video-preview":"max-video-preview:-1"},"canonical":"https:\/\/exim-global.ch\/fr\/produit\/fine-robusta-le-haut-nkam\/","og_locale":"fr_FR","og_type":"article","og_title":"Fine Robusta - Le Haut-Nkam - EXIM Global, Qualit\u00e9 et Equit\u00e9","og_description":"Tailles des grains: Medium; Large; Very large  Quantit\u00e9: sac de 60 kilogrammes  Prix \/kg: Medium: EUR 4.75; Large: EUR 5;\u00a0 Very large: EUR 5.5  Sac: Jute + Grain pro ou Ecotact  R\u00e9colte: 2021\/2022","og_url":"https:\/\/exim-global.ch\/fr\/produit\/fine-robusta-le-haut-nkam\/","og_site_name":"EXIM Global, Qualit\u00e9 et Equit\u00e9","article_modified_time":"2023-06-14T12:01:36+00:00","og_image":[{"width":600,"height":485,"url":"https:\/\/exim-global.ch\/wp-content\/uploads\/2020\/10\/exim_coffee_bag.jpg","type":"image\/jpeg"}],"twitter_card":"summary_large_image","twitter_misc":{"Dur\u00e9e de lecture estim\u00e9e":"1 minute"},"schema":{"@context":"https:\/\/schema.org","@graph":[{"@type":"WebPage","@id":"https:\/\/exim-global.ch\/fr\/produit\/fine-robusta-le-haut-nkam\/","url":"https:\/\/exim-global.ch\/fr\/produit\/fine-robusta-le-haut-nkam\/","name":"Fine Robusta - Le Haut-Nkam - EXIM Global, Qualit\u00e9 et Equit\u00e9","isPartOf":{"@id":"https:\/\/exim-global.ch\/#website"},"primaryImageOfPage":{"@id":"https:\/\/exim-global.ch\/fr\/produit\/fine-robusta-le-haut-nkam\/#primaryimage"},"image":{"@id":"https:\/\/exim-global.ch\/fr\/produit\/fine-robusta-le-haut-nkam\/#primaryimage"},"thumbnailUrl":"https:\/\/exim-global.ch\/wp-content\/uploads\/2020\/10\/exim_coffee_bag.jpg","datePublished":"2020-09-18T15:36:33+00:00","dateModified":"2023-06-14T12:01:36+00:00","breadcrumb":{"@id":"https:\/\/exim-global.ch\/fr\/produit\/fine-robusta-le-haut-nkam\/#breadcrumb"},"inLanguage":"fr-FR","potentialAction":[{"@type":"ReadAction","target":["https:\/\/exim-global.ch\/fr\/produit\/fine-robusta-le-haut-nkam\/"]}]},{"@type":"ImageObject","inLanguage":"fr-FR","@id":"https:\/\/exim-global.ch\/fr\/produit\/fine-robusta-le-haut-nkam\/#primaryimage","url":"https:\/\/exim-global.ch\/wp-content\/uploads\/2020\/10\/exim_coffee_bag.jpg","contentUrl":"https:\/\/exim-global.ch\/wp-content\/uploads\/2020\/10\/exim_coffee_bag.jpg","width":600,"height":485},{"@type":"BreadcrumbList","@id":"https:\/\/exim-global.ch\/fr\/produit\/fine-robusta-le-haut-nkam\/#breadcrumb","itemListElement":[{"@type":"ListItem","position":1,"name":"Shop","item":"https:\/\/exim-global.ch\/la-boutique\/"},{"@type":"ListItem","position":2,"name":"Fine Robusta &#8211; Le Haut-Nkam"}]},{"@type":"WebSite","@id":"https:\/\/exim-global.ch\/#website","url":"https:\/\/exim-global.ch\/","name":"EXIM Global, Qualit\u00e9 et Equit\u00e9","description":"","potentialAction":[{"@type":"SearchAction","target":{"@type":"EntryPoint","urlTemplate":"https:\/\/exim-global.ch\/?s={search_term_string}"},"query-input":"required name=search_term_string"}],"inLanguage":"fr-FR"}]}},"_links":{"self":[{"href":"https:\/\/exim-global.ch\/fr\/wp-json\/wp\/v2\/product\/84"}],"collection":[{"href":"https:\/\/exim-global.ch\/fr\/wp-json\/wp\/v2\/product"}],"about":[{"href":"https:\/\/exim-global.ch\/fr\/wp-json\/wp\/v2\/types\/product"}],"replies":[{"embeddable":true,"href":"https:\/\/exim-global.ch\/fr\/wp-json\/wp\/v2\/comments?post=84"}],"wp:featuredmedia":[{"embeddable":true,"href":"https:\/\/exim-global.ch\/fr\/wp-json\/wp\/v2\/media\/111"}],"wp:attachment":[{"href":"https:\/\/exim-global.ch\/fr\/wp-json\/wp\/v2\/media?parent=84"}],"wp:term":[{"taxonomy":"product_cat","embeddable":true,"href":"https:\/\/exim-global.ch\/fr\/wp-json\/wp\/v2\/product_cat?post=84"},{"taxonomy":"product_tag","embeddable":true,"href":"https:\/\/exim-global.ch\/fr\/wp-json\/wp\/v2\/product_tag?post=84"}],"curies":[{"name":"wp","href":"https:\/\/api.w.org\/{rel}","templated":true}]}}